{"id":3173,"date":"2023-10-30T08:58:24","date_gmt":"2023-10-30T08:58:24","guid":{"rendered":""},"modified":"2024-06-05T14:00:42","modified_gmt":"2024-06-05T14:00:42","slug":"lazile-sint-pentru-transport-si-depozitarea-sticlelor-de-bere-407%d1%85308%d1%85260mm","status":"publish","type":"page","link":"https:\/\/akumplast.com\/ro\/productie\/navete-din-mase-plastice\/lazile-sint-pentru-transport-si-depozitarea-sticlelor-de-bere-407%d1%85308%d1%85260mm\/","title":{"rendered":"Lazile sint pentru transport si depozitarea sticlelor de bere &#8211; 407\u0445308\u0445260mm"},"content":{"rendered":"<p>L\u0103zile sunt destinate transportului de bere &#8211; 0,5 l.<\/p>\n<p>Lungime: 407 mm<br \/>\nLatime: 308 mm<br \/>\nInaltime: 260 mm<br \/>\nNumar de prize: 20<br \/>\nCapacitate de \u00eenc\u0103rcare nominal\u0103: 18 kg<\/p>\n<p>L\u0103zile au o treapt\u0103 de stivuire \u0219i permit formarea de unit\u0103\u021bi de marf\u0103 \u00een timpul transportului \u0219i depozit\u0103rii.<\/p>\n<p>Posibilitate marca utilizator companie (la comanda) &#8211; imprimare permanenta sau serigrafica<\/p>\n<p>L\u0103zile de transport pentru bere sunt disponibile \u00een diferite culori &#8211; la cererea clientului<\/p>\n<p>L\u0103zile sunt disponibile \u00een dou\u0103 tipuri de material polimeric<br \/>\nI \u2013 polimer primar<br \/>\nII \u2013 polimer reciclat<\/p>\n<p>Casele de marcat corespund BDS 6672<\/p>\n<p>Casele de marcat au certificat de calitate si origine.<\/p>\n<p>Num\u0103r de europale\u021bi: 48<\/p>\n","protected":false},"excerpt":{"rendered":"<p>L\u0103zile sunt destinate transportului de bere &#8211; 0,5 l. Lungime: 407 mm Latime: 308 mm Inaltime: 260 mm Numar de prize: 20 Capacitate de \u00eenc\u0103rcare nominal\u0103: 18 kg L\u0103zile au o treapt\u0103 de stivuire \u0219i permit formarea de unit\u0103\u021bi de marf\u0103 \u00een timpul transportului \u0219i depozit\u0103rii. Posibilitate marca utilizator companie (la comanda) &#8211; imprimare permanenta [&hellip;]<\/p>\n","protected":false},"author":1,"featured_media":2367,"parent":3039,"menu_order":0,"comment_status":"closed","ping_status":"closed","template":"","meta":{"_acf_changed":false,"_breakdance_hide_in_design_set":false,"_breakdance_tags":"","footnotes":""},"class_list":["post-3173","page","type-page","status-publish","has-post-thumbnail","hentry"],"acf":[],"yoast_head":"<!-- This site is optimized with the Yoast SEO plugin v24.3 - https:\/\/yoast.com\/wordpress\/plugins\/seo\/ -->\n<title>Lazile sint pentru transport si depozitarea sticlelor de bere - 407\u0445308\u0445260mm - Akumplast website<\/title>\n<meta name=\"robots\" content=\"index, follow, max-snippet:-1, max-image-preview:large, max-video-preview:-1\" \/>\n<link rel=\"canonical\" href=\"https:\/\/akumplast.com\/\u043f\u0440\u043e\u0434\u0443\u043a\u0442\u0438\/\u043f\u043b\u0430\u0441\u0442\u043c\u0430\u0441\u043e\u0432\u0438-\u043a\u0430\u0441\u0438\/\u043f\u043b\u0430\u0441\u0442\u043c\u0430\u0441\u043e\u0432\u0438-\u043a\u0430\u0441\u0438-\u0437\u0430-\u0442\u0440\u0430\u043d\u0441\u043f\u043e\u0440\u0442-\u043d\u0430-\u0431\u0438\u0440\u0430\/\" \/>\n<meta property=\"og:locale\" content=\"ro_RO\" \/>\n<meta property=\"og:type\" content=\"article\" \/>\n<meta property=\"og:title\" content=\"Lazile sint pentru transport si depozitarea sticlelor de bere - 407\u0445308\u0445260mm - Akumplast website\" \/>\n<meta property=\"og:description\" content=\"L\u0103zile sunt destinate transportului de bere &#8211; 0,5 l. Lungime: 407 mm Latime: 308 mm Inaltime: 260 mm Numar de prize: 20 Capacitate de \u00eenc\u0103rcare nominal\u0103: 18 kg L\u0103zile au o treapt\u0103 de stivuire \u0219i permit formarea de unit\u0103\u021bi de marf\u0103 \u00een timpul transportului \u0219i depozit\u0103rii. Posibilitate marca utilizator companie (la comanda) &#8211; imprimare permanenta [&hellip;]\" \/>\n<meta property=\"og:url\" content=\"https:\/\/akumplast.com\/\u043f\u0440\u043e\u0434\u0443\u043a\u0442\u0438\/\u043f\u043b\u0430\u0441\u0442\u043c\u0430\u0441\u043e\u0432\u0438-\u043a\u0430\u0441\u0438\/\u043f\u043b\u0430\u0441\u0442\u043c\u0430\u0441\u043e\u0432\u0438-\u043a\u0430\u0441\u0438-\u0437\u0430-\u0442\u0440\u0430\u043d\u0441\u043f\u043e\u0440\u0442-\u043d\u0430-\u0431\u0438\u0440\u0430\/\" \/>\n<meta property=\"og:site_name\" content=\"Akumplast website\" \/>\n<meta property=\"article:modified_time\" content=\"2024-06-05T14:00:42+00:00\" \/>\n<meta property=\"og:image\" content=\"https:\/\/akumplast.com\/wp-content\/uploads\/2023\/10\/plastmasova_kasa_bira1-copy.webp\" \/>\n\t<meta property=\"og:image:width\" content=\"1000\" \/>\n\t<meta property=\"og:image:height\" content=\"667\" \/>\n\t<meta property=\"og:image:type\" content=\"image\/webp\" \/>\n<meta name=\"twitter:card\" content=\"summary_large_image\" \/>\n<meta name=\"twitter:label1\" content=\"Timp estimat pentru citire\" \/>\n\t<meta name=\"twitter:data1\" content=\"1 minut\" \/>\n<script type=\"application\/ld+json\" class=\"yoast-schema-graph\">{\"@context\":\"https:\/\/schema.org\",\"@graph\":[{\"@type\":\"WebPage\",\"@id\":\"https:\/\/akumplast.com\/%d0%bf%d1%80%d0%be%d0%b4%d1%83%d0%ba%d1%82%d0%b8\/%d0%bf%d0%bb%d0%b0%d1%81%d1%82%d0%bc%d0%b0%d1%81%d0%be%d0%b2%d0%b8-%d0%ba%d0%b0%d1%81%d0%b8\/%d0%bf%d0%bb%d0%b0%d1%81%d1%82%d0%bc%d0%b0%d1%81%d0%be%d0%b2%d0%b8-%d0%ba%d0%b0%d1%81%d0%b8-%d0%b7%d0%b0-%d1%82%d1%80%d0%b0%d0%bd%d1%81%d0%bf%d0%be%d1%80%d1%82-%d0%bd%d0%b0-%d0%b1%d0%b8%d1%80%d0%b0\/\",\"url\":\"https:\/\/akumplast.com\/%d0%bf%d1%80%d0%be%d0%b4%d1%83%d0%ba%d1%82%d0%b8\/%d0%bf%d0%bb%d0%b0%d1%81%d1%82%d0%bc%d0%b0%d1%81%d0%be%d0%b2%d0%b8-%d0%ba%d0%b0%d1%81%d0%b8\/%d0%bf%d0%bb%d0%b0%d1%81%d1%82%d0%bc%d0%b0%d1%81%d0%be%d0%b2%d0%b8-%d0%ba%d0%b0%d1%81%d0%b8-%d0%b7%d0%b0-%d1%82%d1%80%d0%b0%d0%bd%d1%81%d0%bf%d0%be%d1%80%d1%82-%d0%bd%d0%b0-%d0%b1%d0%b8%d1%80%d0%b0\/\",\"name\":\"Lazile sint pentru transport si depozitarea sticlelor de bere - 407\u0445308\u0445260mm - Akumplast website\",\"isPartOf\":{\"@id\":\"https:\/\/akumplast.com\/#website\"},\"primaryImageOfPage\":{\"@id\":\"https:\/\/akumplast.com\/%d0%bf%d1%80%d0%be%d0%b4%d1%83%d0%ba%d1%82%d0%b8\/%d0%bf%d0%bb%d0%b0%d1%81%d1%82%d0%bc%d0%b0%d1%81%d0%be%d0%b2%d0%b8-%d0%ba%d0%b0%d1%81%d0%b8\/%d0%bf%d0%bb%d0%b0%d1%81%d1%82%d0%bc%d0%b0%d1%81%d0%be%d0%b2%d0%b8-%d0%ba%d0%b0%d1%81%d0%b8-%d0%b7%d0%b0-%d1%82%d1%80%d0%b0%d0%bd%d1%81%d0%bf%d0%be%d1%80%d1%82-%d0%bd%d0%b0-%d0%b1%d0%b8%d1%80%d0%b0\/#primaryimage\"},\"image\":{\"@id\":\"https:\/\/akumplast.com\/%d0%bf%d1%80%d0%be%d0%b4%d1%83%d0%ba%d1%82%d0%b8\/%d0%bf%d0%bb%d0%b0%d1%81%d1%82%d0%bc%d0%b0%d1%81%d0%be%d0%b2%d0%b8-%d0%ba%d0%b0%d1%81%d0%b8\/%d0%bf%d0%bb%d0%b0%d1%81%d1%82%d0%bc%d0%b0%d1%81%d0%be%d0%b2%d0%b8-%d0%ba%d0%b0%d1%81%d0%b8-%d0%b7%d0%b0-%d1%82%d1%80%d0%b0%d0%bd%d1%81%d0%bf%d0%be%d1%80%d1%82-%d0%bd%d0%b0-%d0%b1%d0%b8%d1%80%d0%b0\/#primaryimage\"},\"thumbnailUrl\":\"https:\/\/akumplast.com\/wp-content\/uploads\/2023\/10\/plastmasova_kasa_bira1-copy.webp\",\"datePublished\":\"2023-10-30T08:58:24+00:00\",\"dateModified\":\"2024-06-05T14:00:42+00:00\",\"breadcrumb\":{\"@id\":\"https:\/\/akumplast.com\/%d0%bf%d1%80%d0%be%d0%b4%d1%83%d0%ba%d1%82%d0%b8\/%d0%bf%d0%bb%d0%b0%d1%81%d1%82%d0%bc%d0%b0%d1%81%d0%be%d0%b2%d0%b8-%d0%ba%d0%b0%d1%81%d0%b8\/%d0%bf%d0%bb%d0%b0%d1%81%d1%82%d0%bc%d0%b0%d1%81%d0%be%d0%b2%d0%b8-%d0%ba%d0%b0%d1%81%d0%b8-%d0%b7%d0%b0-%d1%82%d1%80%d0%b0%d0%bd%d1%81%d0%bf%d0%be%d1%80%d1%82-%d0%bd%d0%b0-%d0%b1%d0%b8%d1%80%d0%b0\/#breadcrumb\"},\"inLanguage\":\"ro-RO\",\"potentialAction\":[{\"@type\":\"ReadAction\",\"target\":[\"https:\/\/akumplast.com\/%d0%bf%d1%80%d0%be%d0%b4%d1%83%d0%ba%d1%82%d0%b8\/%d0%bf%d0%bb%d0%b0%d1%81%d1%82%d0%bc%d0%b0%d1%81%d0%be%d0%b2%d0%b8-%d0%ba%d0%b0%d1%81%d0%b8\/%d0%bf%d0%bb%d0%b0%d1%81%d1%82%d0%bc%d0%b0%d1%81%d0%be%d0%b2%d0%b8-%d0%ba%d0%b0%d1%81%d0%b8-%d0%b7%d0%b0-%d1%82%d1%80%d0%b0%d0%bd%d1%81%d0%bf%d0%be%d1%80%d1%82-%d0%bd%d0%b0-%d0%b1%d0%b8%d1%80%d0%b0\/\"]}]},{\"@type\":\"ImageObject\",\"inLanguage\":\"ro-RO\",\"@id\":\"https:\/\/akumplast.com\/%d0%bf%d1%80%d0%be%d0%b4%d1%83%d0%ba%d1%82%d0%b8\/%d0%bf%d0%bb%d0%b0%d1%81%d1%82%d0%bc%d0%b0%d1%81%d0%be%d0%b2%d0%b8-%d0%ba%d0%b0%d1%81%d0%b8\/%d0%bf%d0%bb%d0%b0%d1%81%d1%82%d0%bc%d0%b0%d1%81%d0%be%d0%b2%d0%b8-%d0%ba%d0%b0%d1%81%d0%b8-%d0%b7%d0%b0-%d1%82%d1%80%d0%b0%d0%bd%d1%81%d0%bf%d0%be%d1%80%d1%82-%d0%bd%d0%b0-%d0%b1%d0%b8%d1%80%d0%b0\/#primaryimage\",\"url\":\"https:\/\/akumplast.com\/wp-content\/uploads\/2023\/10\/plastmasova_kasa_bira1-copy.webp\",\"contentUrl\":\"https:\/\/akumplast.com\/wp-content\/uploads\/2023\/10\/plastmasova_kasa_bira1-copy.webp\",\"width\":1000,\"height\":667},{\"@type\":\"BreadcrumbList\",\"@id\":\"https:\/\/akumplast.com\/%d0%bf%d1%80%d0%be%d0%b4%d1%83%d0%ba%d1%82%d0%b8\/%d0%bf%d0%bb%d0%b0%d1%81%d1%82%d0%bc%d0%b0%d1%81%d0%be%d0%b2%d0%b8-%d0%ba%d0%b0%d1%81%d0%b8\/%d0%bf%d0%bb%d0%b0%d1%81%d1%82%d0%bc%d0%b0%d1%81%d0%be%d0%b2%d0%b8-%d0%ba%d0%b0%d1%81%d0%b8-%d0%b7%d0%b0-%d1%82%d1%80%d0%b0%d0%bd%d1%81%d0%bf%d0%be%d1%80%d1%82-%d0%bd%d0%b0-%d0%b1%d0%b8%d1%80%d0%b0\/#breadcrumb\",\"itemListElement\":[{\"@type\":\"ListItem\",\"position\":1,\"name\":\"\u041d\u0430\u0447\u0430\u043b\u043e\",\"item\":\"https:\/\/akumplast.com\/ro\/\"},{\"@type\":\"ListItem\",\"position\":2,\"name\":\"Productie\",\"item\":\"https:\/\/akumplast.com\/ro\/productie\/\"},{\"@type\":\"ListItem\",\"position\":3,\"name\":\"Navete din mase plastice\",\"item\":\"https:\/\/akumplast.com\/ro\/productie\/navete-din-mase-plastice\/\"},{\"@type\":\"ListItem\",\"position\":4,\"name\":\"Lazile sint pentru transport si depozitarea sticlelor de bere &#8211; 407\u0445308\u0445260mm\"}]},{\"@type\":\"WebSite\",\"@id\":\"https:\/\/akumplast.com\/#website\",\"url\":\"https:\/\/akumplast.com\/\",\"name\":\"Akumplast\",\"description\":\"\",\"publisher\":{\"@id\":\"https:\/\/akumplast.com\/#organization\"},\"potentialAction\":[{\"@type\":\"SearchAction\",\"target\":{\"@type\":\"EntryPoint\",\"urlTemplate\":\"https:\/\/akumplast.com\/?s={search_term_string}\"},\"query-input\":{\"@type\":\"PropertyValueSpecification\",\"valueRequired\":true,\"valueName\":\"search_term_string\"}}],\"inLanguage\":\"ro-RO\"},{\"@type\":\"Organization\",\"@id\":\"https:\/\/akumplast.com\/#organization\",\"name\":\"Akumplast Jsc\",\"url\":\"https:\/\/akumplast.com\/\",\"logo\":{\"@type\":\"ImageObject\",\"inLanguage\":\"ro-RO\",\"@id\":\"https:\/\/akumplast.com\/#\/schema\/logo\/image\/\",\"url\":\"https:\/\/akumplast.com\/wp-content\/uploads\/2023\/10\/cropped-Logo.png\",\"contentUrl\":\"https:\/\/akumplast.com\/wp-content\/uploads\/2023\/10\/cropped-Logo.png\",\"width\":512,\"height\":512,\"caption\":\"Akumplast Jsc\"},\"image\":{\"@id\":\"https:\/\/akumplast.com\/#\/schema\/logo\/image\/\"}}]}<\/script>\n<!-- \/ Yoast SEO plugin. -->","yoast_head_json":{"title":"Lazile sint pentru transport si depozitarea sticlelor de bere - 407\u0445308\u0445260mm - Akumplast website","robots":{"index":"index","follow":"follow","max-snippet":"max-snippet:-1","max-image-preview":"max-image-preview:large","max-video-preview":"max-video-preview:-1"},"canonical":"https:\/\/akumplast.com\/\u043f\u0440\u043e\u0434\u0443\u043a\u0442\u0438\/\u043f\u043b\u0430\u0441\u0442\u043c\u0430\u0441\u043e\u0432\u0438-\u043a\u0430\u0441\u0438\/\u043f\u043b\u0430\u0441\u0442\u043c\u0430\u0441\u043e\u0432\u0438-\u043a\u0430\u0441\u0438-\u0437\u0430-\u0442\u0440\u0430\u043d\u0441\u043f\u043e\u0440\u0442-\u043d\u0430-\u0431\u0438\u0440\u0430\/","og_locale":"ro_RO","og_type":"article","og_title":"Lazile sint pentru transport si depozitarea sticlelor de bere - 407\u0445308\u0445260mm - Akumplast website","og_description":"L\u0103zile sunt destinate transportului de bere &#8211; 0,5 l. Lungime: 407 mm Latime: 308 mm Inaltime: 260 mm Numar de prize: 20 Capacitate de \u00eenc\u0103rcare nominal\u0103: 18 kg L\u0103zile au o treapt\u0103 de stivuire \u0219i permit formarea de unit\u0103\u021bi de marf\u0103 \u00een timpul transportului \u0219i depozit\u0103rii. Posibilitate marca utilizator companie (la comanda) &#8211; imprimare permanenta [&hellip;]","og_url":"https:\/\/akumplast.com\/\u043f\u0440\u043e\u0434\u0443\u043a\u0442\u0438\/\u043f\u043b\u0430\u0441\u0442\u043c\u0430\u0441\u043e\u0432\u0438-\u043a\u0430\u0441\u0438\/\u043f\u043b\u0430\u0441\u0442\u043c\u0430\u0441\u043e\u0432\u0438-\u043a\u0430\u0441\u0438-\u0437\u0430-\u0442\u0440\u0430\u043d\u0441\u043f\u043e\u0440\u0442-\u043d\u0430-\u0431\u0438\u0440\u0430\/","og_site_name":"Akumplast website","article_modified_time":"2024-06-05T14:00:42+00:00","og_image":[{"width":1000,"height":667,"url":"https:\/\/akumplast.com\/wp-content\/uploads\/2023\/10\/plastmasova_kasa_bira1-copy.webp","type":"image\/webp"}],"twitter_card":"summary_large_image","twitter_misc":{"Timp estimat pentru citire":"1 minut"},"schema":{"@context":"https:\/\/schema.org","@graph":[{"@type":"WebPage","@id":"https:\/\/akumplast.com\/%d0%bf%d1%80%d0%be%d0%b4%d1%83%d0%ba%d1%82%d0%b8\/%d0%bf%d0%bb%d0%b0%d1%81%d1%82%d0%bc%d0%b0%d1%81%d0%be%d0%b2%d0%b8-%d0%ba%d0%b0%d1%81%d0%b8\/%d0%bf%d0%bb%d0%b0%d1%81%d1%82%d0%bc%d0%b0%d1%81%d0%be%d0%b2%d0%b8-%d0%ba%d0%b0%d1%81%d0%b8-%d0%b7%d0%b0-%d1%82%d1%80%d0%b0%d0%bd%d1%81%d0%bf%d0%be%d1%80%d1%82-%d0%bd%d0%b0-%d0%b1%d0%b8%d1%80%d0%b0\/","url":"https:\/\/akumplast.com\/%d0%bf%d1%80%d0%be%d0%b4%d1%83%d0%ba%d1%82%d0%b8\/%d0%bf%d0%bb%d0%b0%d1%81%d1%82%d0%bc%d0%b0%d1%81%d0%be%d0%b2%d0%b8-%d0%ba%d0%b0%d1%81%d0%b8\/%d0%bf%d0%bb%d0%b0%d1%81%d1%82%d0%bc%d0%b0%d1%81%d0%be%d0%b2%d0%b8-%d0%ba%d0%b0%d1%81%d0%b8-%d0%b7%d0%b0-%d1%82%d1%80%d0%b0%d0%bd%d1%81%d0%bf%d0%be%d1%80%d1%82-%d0%bd%d0%b0-%d0%b1%d0%b8%d1%80%d0%b0\/","name":"Lazile sint pentru transport si depozitarea sticlelor de bere - 407\u0445308\u0445260mm - Akumplast website","isPartOf":{"@id":"https:\/\/akumplast.com\/#website"},"primaryImageOfPage":{"@id":"https:\/\/akumplast.com\/%d0%bf%d1%80%d0%be%d0%b4%d1%83%d0%ba%d1%82%d0%b8\/%d0%bf%d0%bb%d0%b0%d1%81%d1%82%d0%bc%d0%b0%d1%81%d0%be%d0%b2%d0%b8-%d0%ba%d0%b0%d1%81%d0%b8\/%d0%bf%d0%bb%d0%b0%d1%81%d1%82%d0%bc%d0%b0%d1%81%d0%be%d0%b2%d0%b8-%d0%ba%d0%b0%d1%81%d0%b8-%d0%b7%d0%b0-%d1%82%d1%80%d0%b0%d0%bd%d1%81%d0%bf%d0%be%d1%80%d1%82-%d0%bd%d0%b0-%d0%b1%d0%b8%d1%80%d0%b0\/#primaryimage"},"image":{"@id":"https:\/\/akumplast.com\/%d0%bf%d1%80%d0%be%d0%b4%d1%83%d0%ba%d1%82%d0%b8\/%d0%bf%d0%bb%d0%b0%d1%81%d1%82%d0%bc%d0%b0%d1%81%d0%be%d0%b2%d0%b8-%d0%ba%d0%b0%d1%81%d0%b8\/%d0%bf%d0%bb%d0%b0%d1%81%d1%82%d0%bc%d0%b0%d1%81%d0%be%d0%b2%d0%b8-%d0%ba%d0%b0%d1%81%d0%b8-%d0%b7%d0%b0-%d1%82%d1%80%d0%b0%d0%bd%d1%81%d0%bf%d0%be%d1%80%d1%82-%d0%bd%d0%b0-%d0%b1%d0%b8%d1%80%d0%b0\/#primaryimage"},"thumbnailUrl":"https:\/\/akumplast.com\/wp-content\/uploads\/2023\/10\/plastmasova_kasa_bira1-copy.webp","datePublished":"2023-10-30T08:58:24+00:00","dateModified":"2024-06-05T14:00:42+00:00","breadcrumb":{"@id":"https:\/\/akumplast.com\/%d0%bf%d1%80%d0%be%d0%b4%d1%83%d0%ba%d1%82%d0%b8\/%d0%bf%d0%bb%d0%b0%d1%81%d1%82%d0%bc%d0%b0%d1%81%d0%be%d0%b2%d0%b8-%d0%ba%d0%b0%d1%81%d0%b8\/%d0%bf%d0%bb%d0%b0%d1%81%d1%82%d0%bc%d0%b0%d1%81%d0%be%d0%b2%d0%b8-%d0%ba%d0%b0%d1%81%d0%b8-%d0%b7%d0%b0-%d1%82%d1%80%d0%b0%d0%bd%d1%81%d0%bf%d0%be%d1%80%d1%82-%d0%bd%d0%b0-%d0%b1%d0%b8%d1%80%d0%b0\/#breadcrumb"},"inLanguage":"ro-RO","potentialAction":[{"@type":"ReadAction","target":["https:\/\/akumplast.com\/%d0%bf%d1%80%d0%be%d0%b4%d1%83%d0%ba%d1%82%d0%b8\/%d0%bf%d0%bb%d0%b0%d1%81%d1%82%d0%bc%d0%b0%d1%81%d0%be%d0%b2%d0%b8-%d0%ba%d0%b0%d1%81%d0%b8\/%d0%bf%d0%bb%d0%b0%d1%81%d1%82%d0%bc%d0%b0%d1%81%d0%be%d0%b2%d0%b8-%d0%ba%d0%b0%d1%81%d0%b8-%d0%b7%d0%b0-%d1%82%d1%80%d0%b0%d0%bd%d1%81%d0%bf%d0%be%d1%80%d1%82-%d0%bd%d0%b0-%d0%b1%d0%b8%d1%80%d0%b0\/"]}]},{"@type":"ImageObject","inLanguage":"ro-RO","@id":"https:\/\/akumplast.com\/%d0%bf%d1%80%d0%be%d0%b4%d1%83%d0%ba%d1%82%d0%b8\/%d0%bf%d0%bb%d0%b0%d1%81%d1%82%d0%bc%d0%b0%d1%81%d0%be%d0%b2%d0%b8-%d0%ba%d0%b0%d1%81%d0%b8\/%d0%bf%d0%bb%d0%b0%d1%81%d1%82%d0%bc%d0%b0%d1%81%d0%be%d0%b2%d0%b8-%d0%ba%d0%b0%d1%81%d0%b8-%d0%b7%d0%b0-%d1%82%d1%80%d0%b0%d0%bd%d1%81%d0%bf%d0%be%d1%80%d1%82-%d0%bd%d0%b0-%d0%b1%d0%b8%d1%80%d0%b0\/#primaryimage","url":"https:\/\/akumplast.com\/wp-content\/uploads\/2023\/10\/plastmasova_kasa_bira1-copy.webp","contentUrl":"https:\/\/akumplast.com\/wp-content\/uploads\/2023\/10\/plastmasova_kasa_bira1-copy.webp","width":1000,"height":667},{"@type":"BreadcrumbList","@id":"https:\/\/akumplast.com\/%d0%bf%d1%80%d0%be%d0%b4%d1%83%d0%ba%d1%82%d0%b8\/%d0%bf%d0%bb%d0%b0%d1%81%d1%82%d0%bc%d0%b0%d1%81%d0%be%d0%b2%d0%b8-%d0%ba%d0%b0%d1%81%d0%b8\/%d0%bf%d0%bb%d0%b0%d1%81%d1%82%d0%bc%d0%b0%d1%81%d0%be%d0%b2%d0%b8-%d0%ba%d0%b0%d1%81%d0%b8-%d0%b7%d0%b0-%d1%82%d1%80%d0%b0%d0%bd%d1%81%d0%bf%d0%be%d1%80%d1%82-%d0%bd%d0%b0-%d0%b1%d0%b8%d1%80%d0%b0\/#breadcrumb","itemListElement":[{"@type":"ListItem","position":1,"name":"\u041d\u0430\u0447\u0430\u043b\u043e","item":"https:\/\/akumplast.com\/ro\/"},{"@type":"ListItem","position":2,"name":"Productie","item":"https:\/\/akumplast.com\/ro\/productie\/"},{"@type":"ListItem","position":3,"name":"Navete din mase plastice","item":"https:\/\/akumplast.com\/ro\/productie\/navete-din-mase-plastice\/"},{"@type":"ListItem","position":4,"name":"Lazile sint pentru transport si depozitarea sticlelor de bere &#8211; 407\u0445308\u0445260mm"}]},{"@type":"WebSite","@id":"https:\/\/akumplast.com\/#website","url":"https:\/\/akumplast.com\/","name":"Akumplast","description":"","publisher":{"@id":"https:\/\/akumplast.com\/#organization"},"potentialAction":[{"@type":"SearchAction","target":{"@type":"EntryPoint","urlTemplate":"https:\/\/akumplast.com\/?s={search_term_string}"},"query-input":{"@type":"PropertyValueSpecification","valueRequired":true,"valueName":"search_term_string"}}],"inLanguage":"ro-RO"},{"@type":"Organization","@id":"https:\/\/akumplast.com\/#organization","name":"Akumplast Jsc","url":"https:\/\/akumplast.com\/","logo":{"@type":"ImageObject","inLanguage":"ro-RO","@id":"https:\/\/akumplast.com\/#\/schema\/logo\/image\/","url":"https:\/\/akumplast.com\/wp-content\/uploads\/2023\/10\/cropped-Logo.png","contentUrl":"https:\/\/akumplast.com\/wp-content\/uploads\/2023\/10\/cropped-Logo.png","width":512,"height":512,"caption":"Akumplast Jsc"},"image":{"@id":"https:\/\/akumplast.com\/#\/schema\/logo\/image\/"}}]}},"_links":{"self":[{"href":"https:\/\/akumplast.com\/ro\/wp-json\/wp\/v2\/pages\/3173","targetHints":{"allow":["GET"]}}],"collection":[{"href":"https:\/\/akumplast.com\/ro\/wp-json\/wp\/v2\/pages"}],"about":[{"href":"https:\/\/akumplast.com\/ro\/wp-json\/wp\/v2\/types\/page"}],"author":[{"embeddable":true,"href":"https:\/\/akumplast.com\/ro\/wp-json\/wp\/v2\/users\/1"}],"replies":[{"embeddable":true,"href":"https:\/\/akumplast.com\/ro\/wp-json\/wp\/v2\/comments?post=3173"}],"version-history":[{"count":0,"href":"https:\/\/akumplast.com\/ro\/wp-json\/wp\/v2\/pages\/3173\/revisions"}],"up":[{"embeddable":true,"href":"https:\/\/akumplast.com\/ro\/wp-json\/wp\/v2\/pages\/3039"}],"wp:featuredmedia":[{"embeddable":true,"href":"https:\/\/akumplast.com\/ro\/wp-json\/wp\/v2\/media\/2367"}],"wp:attachment":[{"href":"https:\/\/akumplast.com\/ro\/wp-json\/wp\/v2\/media?parent=3173"}],"curies":[{"name":"wp","href":"https:\/\/api.w.org\/{rel}","templated":true}]}}