{"id":3147,"date":"2023-10-30T10:55:21","date_gmt":"2023-10-30T10:55:21","guid":{"rendered":""},"modified":"2024-06-18T11:08:48","modified_gmt":"2024-06-18T11:08:48","slug":"lazi-din-mase-plastice-pentru-depozitarea-si-transportarea-produselor-alimentare-e1-2-600x400x125mm-model-2","status":"publish","type":"page","link":"https:\/\/akumplast.com\/ro\/productie\/navete-din-mase-plastice\/lazi-din-mase-plastice-pentru-depozitarea-si-transportarea-produselor-alimentare-e1-2-600x400x125mm-model-2\/","title":{"rendered":"Lazi din mase plastice pentru depozitarea si transportarea produselor alimentare E1\/2- 600x400x125mm model 2"},"content":{"rendered":"<p>Lungime: 600 mm<br \/>\nLatime: 400 mm<br \/>\nInaltime: 125 mm<br \/>\nVolumul de lucru util: 30 l.<br \/>\nCapacitate de \u00eenc\u0103rcare nominal\u0103: 18 kg<\/p>\n<p>Pere\u021bi deschi\u0219i, fund \u00eenchis<\/p>\n<p>L\u0103zile au o treapt\u0103 de stivuire \u0219i permit formarea de unit\u0103\u021bi de marf\u0103 \u00een timpul transportului \u0219i depozit\u0103rii.<\/p>\n<p>Posibilitate marca utilizator companie (la comanda) &#8211; imprimare permanenta sau serigrafica<\/p>\n<p>L\u0103zile pentru depozitarea \u0219i transportul produselor alimentare \u00een diferite culori &#8211; \u00een func\u021bie de cererea clientului \u0219i de adecvarea \u00een scopuri alimentare.<\/p>\n<p>L\u0103zile sunt disponibile \u00een dou\u0103 tipuri de material polimeric<br \/>\nI \u2013 polimer primar<br \/>\nII \u2013 polimer reciclat<\/p>\n<p>Num\u0103r de europale\u021bi: 64<\/p>\n","protected":false},"excerpt":{"rendered":"<p>Lungime: 600 mm Latime: 400 mm Inaltime: 125 mm Volumul de lucru util: 30 l. Capacitate de \u00eenc\u0103rcare nominal\u0103: 18 kg Pere\u021bi deschi\u0219i, fund \u00eenchis L\u0103zile au o treapt\u0103 de stivuire \u0219i permit formarea de unit\u0103\u021bi de marf\u0103 \u00een timpul transportului \u0219i depozit\u0103rii. Posibilitate marca utilizator companie (la comanda) &#8211; imprimare permanenta sau serigrafica L\u0103zile [&hellip;]<\/p>\n","protected":false},"author":1,"featured_media":2695,"parent":3039,"menu_order":0,"comment_status":"closed","ping_status":"closed","template":"","meta":{"_acf_changed":false,"_breakdance_hide_in_design_set":false,"_breakdance_tags":"","footnotes":""},"class_list":["post-3147","page","type-page","status-publish","has-post-thumbnail","hentry"],"acf":[],"yoast_head":"<!-- This site is optimized with the Yoast SEO plugin v24.3 - https:\/\/yoast.com\/wordpress\/plugins\/seo\/ -->\n<title>Lazi din mase plastice pentru depozitarea si transportarea produselor alimentare E1\/2- 600x400x125mm model 2 - Akumplast website<\/title>\n<meta name=\"robots\" content=\"index, follow, max-snippet:-1, max-image-preview:large, max-video-preview:-1\" \/>\n<link rel=\"canonical\" href=\"https:\/\/akumplast.com\/ro\/productie\/navete-din-mase-plastice\/lazi-din-mase-plastice-pentru-depozitarea-si-transportarea-produselor-alimentare-e1-2-600x400x125mm-model-2\/\" \/>\n<meta property=\"og:locale\" content=\"ro_RO\" \/>\n<meta property=\"og:type\" content=\"article\" \/>\n<meta property=\"og:title\" content=\"Lazi din mase plastice pentru depozitarea si transportarea produselor alimentare E1\/2- 600x400x125mm model 2 - Akumplast website\" \/>\n<meta property=\"og:description\" content=\"Lungime: 600 mm Latime: 400 mm Inaltime: 125 mm Volumul de lucru util: 30 l. Capacitate de \u00eenc\u0103rcare nominal\u0103: 18 kg Pere\u021bi deschi\u0219i, fund \u00eenchis L\u0103zile au o treapt\u0103 de stivuire \u0219i permit formarea de unit\u0103\u021bi de marf\u0103 \u00een timpul transportului \u0219i depozit\u0103rii. Posibilitate marca utilizator companie (la comanda) &#8211; imprimare permanenta sau serigrafica L\u0103zile [&hellip;]\" \/>\n<meta property=\"og:url\" content=\"https:\/\/akumplast.com\/ro\/productie\/navete-din-mase-plastice\/lazi-din-mase-plastice-pentru-depozitarea-si-transportarea-produselor-alimentare-e1-2-600x400x125mm-model-2\/\" \/>\n<meta property=\"og:site_name\" content=\"Akumplast website\" \/>\n<meta property=\"article:modified_time\" content=\"2024-06-18T11:08:48+00:00\" \/>\n<meta property=\"og:image\" content=\"https:\/\/akumplast.com\/wp-content\/uploads\/2024\/05\/red_case.webp\" \/>\n\t<meta property=\"og:image:width\" content=\"1024\" \/>\n\t<meta property=\"og:image:height\" content=\"683\" \/>\n\t<meta property=\"og:image:type\" content=\"image\/webp\" \/>\n<meta name=\"twitter:card\" content=\"summary_large_image\" \/>\n<meta name=\"twitter:label1\" content=\"Timp estimat pentru citire\" \/>\n\t<meta name=\"twitter:data1\" content=\"1 minut\" \/>\n<script type=\"application\/ld+json\" class=\"yoast-schema-graph\">{\"@context\":\"https:\/\/schema.org\",\"@graph\":[{\"@type\":\"WebPage\",\"@id\":\"https:\/\/akumplast.com\/ro\/productie\/navete-din-mase-plastice\/lazi-din-mase-plastice-pentru-depozitarea-si-transportarea-produselor-alimentare-e1-2-600x400x125mm-model-2\/\",\"url\":\"https:\/\/akumplast.com\/ro\/productie\/navete-din-mase-plastice\/lazi-din-mase-plastice-pentru-depozitarea-si-transportarea-produselor-alimentare-e1-2-600x400x125mm-model-2\/\",\"name\":\"Lazi din mase plastice pentru depozitarea si transportarea produselor alimentare E1\/2- 600x400x125mm model 2 - Akumplast website\",\"isPartOf\":{\"@id\":\"https:\/\/akumplast.com\/#website\"},\"primaryImageOfPage\":{\"@id\":\"https:\/\/akumplast.com\/ro\/productie\/navete-din-mase-plastice\/lazi-din-mase-plastice-pentru-depozitarea-si-transportarea-produselor-alimentare-e1-2-600x400x125mm-model-2\/#primaryimage\"},\"image\":{\"@id\":\"https:\/\/akumplast.com\/ro\/productie\/navete-din-mase-plastice\/lazi-din-mase-plastice-pentru-depozitarea-si-transportarea-produselor-alimentare-e1-2-600x400x125mm-model-2\/#primaryimage\"},\"thumbnailUrl\":\"https:\/\/akumplast.com\/wp-content\/uploads\/2024\/05\/red_case.webp\",\"datePublished\":\"2023-10-30T10:55:21+00:00\",\"dateModified\":\"2024-06-18T11:08:48+00:00\",\"breadcrumb\":{\"@id\":\"https:\/\/akumplast.com\/ro\/productie\/navete-din-mase-plastice\/lazi-din-mase-plastice-pentru-depozitarea-si-transportarea-produselor-alimentare-e1-2-600x400x125mm-model-2\/#breadcrumb\"},\"inLanguage\":\"ro-RO\",\"potentialAction\":[{\"@type\":\"ReadAction\",\"target\":[\"https:\/\/akumplast.com\/ro\/productie\/navete-din-mase-plastice\/lazi-din-mase-plastice-pentru-depozitarea-si-transportarea-produselor-alimentare-e1-2-600x400x125mm-model-2\/\"]}]},{\"@type\":\"ImageObject\",\"inLanguage\":\"ro-RO\",\"@id\":\"https:\/\/akumplast.com\/ro\/productie\/navete-din-mase-plastice\/lazi-din-mase-plastice-pentru-depozitarea-si-transportarea-produselor-alimentare-e1-2-600x400x125mm-model-2\/#primaryimage\",\"url\":\"https:\/\/akumplast.com\/wp-content\/uploads\/2024\/05\/red_case.webp\",\"contentUrl\":\"https:\/\/akumplast.com\/wp-content\/uploads\/2024\/05\/red_case.webp\",\"width\":1024,\"height\":683},{\"@type\":\"BreadcrumbList\",\"@id\":\"https:\/\/akumplast.com\/ro\/productie\/navete-din-mase-plastice\/lazi-din-mase-plastice-pentru-depozitarea-si-transportarea-produselor-alimentare-e1-2-600x400x125mm-model-2\/#breadcrumb\",\"itemListElement\":[{\"@type\":\"ListItem\",\"position\":1,\"name\":\"\u041d\u0430\u0447\u0430\u043b\u043e\",\"item\":\"https:\/\/akumplast.com\/ro\/\"},{\"@type\":\"ListItem\",\"position\":2,\"name\":\"Productie\",\"item\":\"https:\/\/akumplast.com\/ro\/productie\/\"},{\"@type\":\"ListItem\",\"position\":3,\"name\":\"Navete din mase plastice\",\"item\":\"https:\/\/akumplast.com\/ro\/productie\/navete-din-mase-plastice\/\"},{\"@type\":\"ListItem\",\"position\":4,\"name\":\"Lazi din mase plastice pentru depozitarea si transportarea produselor alimentare E1\/2- 600x400x125mm model 2\"}]},{\"@type\":\"WebSite\",\"@id\":\"https:\/\/akumplast.com\/#website\",\"url\":\"https:\/\/akumplast.com\/\",\"name\":\"Akumplast\",\"description\":\"\",\"publisher\":{\"@id\":\"https:\/\/akumplast.com\/#organization\"},\"potentialAction\":[{\"@type\":\"SearchAction\",\"target\":{\"@type\":\"EntryPoint\",\"urlTemplate\":\"https:\/\/akumplast.com\/?s={search_term_string}\"},\"query-input\":{\"@type\":\"PropertyValueSpecification\",\"valueRequired\":true,\"valueName\":\"search_term_string\"}}],\"inLanguage\":\"ro-RO\"},{\"@type\":\"Organization\",\"@id\":\"https:\/\/akumplast.com\/#organization\",\"name\":\"Akumplast Jsc\",\"url\":\"https:\/\/akumplast.com\/\",\"logo\":{\"@type\":\"ImageObject\",\"inLanguage\":\"ro-RO\",\"@id\":\"https:\/\/akumplast.com\/#\/schema\/logo\/image\/\",\"url\":\"https:\/\/akumplast.com\/wp-content\/uploads\/2023\/10\/cropped-Logo.png\",\"contentUrl\":\"https:\/\/akumplast.com\/wp-content\/uploads\/2023\/10\/cropped-Logo.png\",\"width\":512,\"height\":512,\"caption\":\"Akumplast Jsc\"},\"image\":{\"@id\":\"https:\/\/akumplast.com\/#\/schema\/logo\/image\/\"}}]}<\/script>\n<!-- \/ Yoast SEO plugin. -->","yoast_head_json":{"title":"Lazi din mase plastice pentru depozitarea si transportarea produselor alimentare E1\/2- 600x400x125mm model 2 - Akumplast website","robots":{"index":"index","follow":"follow","max-snippet":"max-snippet:-1","max-image-preview":"max-image-preview:large","max-video-preview":"max-video-preview:-1"},"canonical":"https:\/\/akumplast.com\/ro\/productie\/navete-din-mase-plastice\/lazi-din-mase-plastice-pentru-depozitarea-si-transportarea-produselor-alimentare-e1-2-600x400x125mm-model-2\/","og_locale":"ro_RO","og_type":"article","og_title":"Lazi din mase plastice pentru depozitarea si transportarea produselor alimentare E1\/2- 600x400x125mm model 2 - Akumplast website","og_description":"Lungime: 600 mm Latime: 400 mm Inaltime: 125 mm Volumul de lucru util: 30 l. Capacitate de \u00eenc\u0103rcare nominal\u0103: 18 kg Pere\u021bi deschi\u0219i, fund \u00eenchis L\u0103zile au o treapt\u0103 de stivuire \u0219i permit formarea de unit\u0103\u021bi de marf\u0103 \u00een timpul transportului \u0219i depozit\u0103rii. Posibilitate marca utilizator companie (la comanda) &#8211; imprimare permanenta sau serigrafica L\u0103zile [&hellip;]","og_url":"https:\/\/akumplast.com\/ro\/productie\/navete-din-mase-plastice\/lazi-din-mase-plastice-pentru-depozitarea-si-transportarea-produselor-alimentare-e1-2-600x400x125mm-model-2\/","og_site_name":"Akumplast website","article_modified_time":"2024-06-18T11:08:48+00:00","og_image":[{"width":1024,"height":683,"url":"https:\/\/akumplast.com\/wp-content\/uploads\/2024\/05\/red_case.webp","type":"image\/webp"}],"twitter_card":"summary_large_image","twitter_misc":{"Timp estimat pentru citire":"1 minut"},"schema":{"@context":"https:\/\/schema.org","@graph":[{"@type":"WebPage","@id":"https:\/\/akumplast.com\/ro\/productie\/navete-din-mase-plastice\/lazi-din-mase-plastice-pentru-depozitarea-si-transportarea-produselor-alimentare-e1-2-600x400x125mm-model-2\/","url":"https:\/\/akumplast.com\/ro\/productie\/navete-din-mase-plastice\/lazi-din-mase-plastice-pentru-depozitarea-si-transportarea-produselor-alimentare-e1-2-600x400x125mm-model-2\/","name":"Lazi din mase plastice pentru depozitarea si transportarea produselor alimentare E1\/2- 600x400x125mm model 2 - Akumplast website","isPartOf":{"@id":"https:\/\/akumplast.com\/#website"},"primaryImageOfPage":{"@id":"https:\/\/akumplast.com\/ro\/productie\/navete-din-mase-plastice\/lazi-din-mase-plastice-pentru-depozitarea-si-transportarea-produselor-alimentare-e1-2-600x400x125mm-model-2\/#primaryimage"},"image":{"@id":"https:\/\/akumplast.com\/ro\/productie\/navete-din-mase-plastice\/lazi-din-mase-plastice-pentru-depozitarea-si-transportarea-produselor-alimentare-e1-2-600x400x125mm-model-2\/#primaryimage"},"thumbnailUrl":"https:\/\/akumplast.com\/wp-content\/uploads\/2024\/05\/red_case.webp","datePublished":"2023-10-30T10:55:21+00:00","dateModified":"2024-06-18T11:08:48+00:00","breadcrumb":{"@id":"https:\/\/akumplast.com\/ro\/productie\/navete-din-mase-plastice\/lazi-din-mase-plastice-pentru-depozitarea-si-transportarea-produselor-alimentare-e1-2-600x400x125mm-model-2\/#breadcrumb"},"inLanguage":"ro-RO","potentialAction":[{"@type":"ReadAction","target":["https:\/\/akumplast.com\/ro\/productie\/navete-din-mase-plastice\/lazi-din-mase-plastice-pentru-depozitarea-si-transportarea-produselor-alimentare-e1-2-600x400x125mm-model-2\/"]}]},{"@type":"ImageObject","inLanguage":"ro-RO","@id":"https:\/\/akumplast.com\/ro\/productie\/navete-din-mase-plastice\/lazi-din-mase-plastice-pentru-depozitarea-si-transportarea-produselor-alimentare-e1-2-600x400x125mm-model-2\/#primaryimage","url":"https:\/\/akumplast.com\/wp-content\/uploads\/2024\/05\/red_case.webp","contentUrl":"https:\/\/akumplast.com\/wp-content\/uploads\/2024\/05\/red_case.webp","width":1024,"height":683},{"@type":"BreadcrumbList","@id":"https:\/\/akumplast.com\/ro\/productie\/navete-din-mase-plastice\/lazi-din-mase-plastice-pentru-depozitarea-si-transportarea-produselor-alimentare-e1-2-600x400x125mm-model-2\/#breadcrumb","itemListElement":[{"@type":"ListItem","position":1,"name":"\u041d\u0430\u0447\u0430\u043b\u043e","item":"https:\/\/akumplast.com\/ro\/"},{"@type":"ListItem","position":2,"name":"Productie","item":"https:\/\/akumplast.com\/ro\/productie\/"},{"@type":"ListItem","position":3,"name":"Navete din mase plastice","item":"https:\/\/akumplast.com\/ro\/productie\/navete-din-mase-plastice\/"},{"@type":"ListItem","position":4,"name":"Lazi din mase plastice pentru depozitarea si transportarea produselor alimentare E1\/2- 600x400x125mm model 2"}]},{"@type":"WebSite","@id":"https:\/\/akumplast.com\/#website","url":"https:\/\/akumplast.com\/","name":"Akumplast","description":"","publisher":{"@id":"https:\/\/akumplast.com\/#organization"},"potentialAction":[{"@type":"SearchAction","target":{"@type":"EntryPoint","urlTemplate":"https:\/\/akumplast.com\/?s={search_term_string}"},"query-input":{"@type":"PropertyValueSpecification","valueRequired":true,"valueName":"search_term_string"}}],"inLanguage":"ro-RO"},{"@type":"Organization","@id":"https:\/\/akumplast.com\/#organization","name":"Akumplast Jsc","url":"https:\/\/akumplast.com\/","logo":{"@type":"ImageObject","inLanguage":"ro-RO","@id":"https:\/\/akumplast.com\/#\/schema\/logo\/image\/","url":"https:\/\/akumplast.com\/wp-content\/uploads\/2023\/10\/cropped-Logo.png","contentUrl":"https:\/\/akumplast.com\/wp-content\/uploads\/2023\/10\/cropped-Logo.png","width":512,"height":512,"caption":"Akumplast Jsc"},"image":{"@id":"https:\/\/akumplast.com\/#\/schema\/logo\/image\/"}}]}},"_links":{"self":[{"href":"https:\/\/akumplast.com\/ro\/wp-json\/wp\/v2\/pages\/3147","targetHints":{"allow":["GET"]}}],"collection":[{"href":"https:\/\/akumplast.com\/ro\/wp-json\/wp\/v2\/pages"}],"about":[{"href":"https:\/\/akumplast.com\/ro\/wp-json\/wp\/v2\/types\/page"}],"author":[{"embeddable":true,"href":"https:\/\/akumplast.com\/ro\/wp-json\/wp\/v2\/users\/1"}],"replies":[{"embeddable":true,"href":"https:\/\/akumplast.com\/ro\/wp-json\/wp\/v2\/comments?post=3147"}],"version-history":[{"count":0,"href":"https:\/\/akumplast.com\/ro\/wp-json\/wp\/v2\/pages\/3147\/revisions"}],"up":[{"embeddable":true,"href":"https:\/\/akumplast.com\/ro\/wp-json\/wp\/v2\/pages\/3039"}],"wp:featuredmedia":[{"embeddable":true,"href":"https:\/\/akumplast.com\/ro\/wp-json\/wp\/v2\/media\/2695"}],"wp:attachment":[{"href":"https:\/\/akumplast.com\/ro\/wp-json\/wp\/v2\/media?parent=3147"}],"curies":[{"name":"wp","href":"https:\/\/api.w.org\/{rel}","templated":true}]}}