{"id":3139,"date":"2023-12-05T10:40:34","date_gmt":"2023-12-05T10:40:34","guid":{"rendered":""},"modified":"2024-06-05T13:37:46","modified_gmt":"2024-06-05T13:37:46","slug":"%d0%bf%d0%bb%d0%b0%d1%81%d1%82%d0%bc%d0%b0%d1%81%d0%be%d0%b2%d0%b8-%d0%ba%d0%b0%d1%81%d0%b8-%d0%b7%d0%b0-%d1%81%d1%8a%d1%85%d1%80%d0%b0%d0%bd%d0%b5%d0%bd%d0%b8%d0%b5-%d0%b8-%d1%82%d1%80%d0%b0%d0%bd-17","status":"publish","type":"page","link":"https:\/\/akumplast.com\/ro\/productie\/navete-din-mase-plastice\/%d0%bf%d0%bb%d0%b0%d1%81%d1%82%d0%bc%d0%b0%d1%81%d0%be%d0%b2%d0%b8-%d0%ba%d0%b0%d1%81%d0%b8-%d0%b7%d0%b0-%d1%81%d1%8a%d1%85%d1%80%d0%b0%d0%bd%d0%b5%d0%bd%d0%b8%d0%b5-%d0%b8-%d1%82%d1%80%d0%b0%d0%bd-17\/","title":{"rendered":"Lazi din mase plastice pentru depozitarea si transportarea produselor alimentare cu dimensiuni de 600\/400\/75 model 1"},"content":{"rendered":"<p>Dimensiuni 600\/400\/75 mm<\/p>\n<p>Pere\u021bi \u00eenchi\u0219i \u2013 fund \u00eenchis<\/p>\n<p>Volumul de lucru util: 18 l<br \/>\nCapacitatea de transport nominal\u0103: 12 kg<\/p>\n<p>L\u0103zile sunt disponibile din material polimer de dou\u0103 tipuri:<br \/>\nI \u2013 polimer primar<br \/>\nII \u2013 polimer reciclat<\/p>\n<p>Num\u0103r pe pale\u021bi euro: 104<\/p>\n","protected":false},"excerpt":{"rendered":"<p>Dimensiuni 600\/400\/75 mm Pere\u021bi \u00eenchi\u0219i \u2013 fund \u00eenchis Volumul de lucru util: 18 l Capacitatea de transport nominal\u0103: 12 kg L\u0103zile sunt disponibile din material polimer de dou\u0103 tipuri: I \u2013 polimer primar II \u2013 polimer reciclat Num\u0103r pe pale\u021bi euro: 104<\/p>\n","protected":false},"author":1,"featured_media":2727,"parent":3039,"menu_order":0,"comment_status":"closed","ping_status":"closed","template":"","meta":{"_acf_changed":false,"_breakdance_hide_in_design_set":false,"_breakdance_tags":"","footnotes":""},"class_list":["post-3139","page","type-page","status-publish","has-post-thumbnail","hentry"],"acf":[],"yoast_head":"<!-- This site is optimized with the Yoast SEO plugin v24.3 - https:\/\/yoast.com\/wordpress\/plugins\/seo\/ -->\n<title>Lazi din mase plastice pentru depozitarea si transportarea produselor alimentare cu dimensiuni de 600\/400\/75 model 1 - Akumplast website<\/title>\n<meta name=\"robots\" content=\"index, follow, max-snippet:-1, max-image-preview:large, max-video-preview:-1\" \/>\n<link rel=\"canonical\" href=\"https:\/\/akumplast.com\/ro\/productie\/navete-din-mase-plastice\/\u043f\u043b\u0430\u0441\u0442\u043c\u0430\u0441\u043e\u0432\u0438-\u043a\u0430\u0441\u0438-\u0437\u0430-\u0441\u044a\u0445\u0440\u0430\u043d\u0435\u043d\u0438\u0435-\u0438-\u0442\u0440\u0430\u043d-17\/\" \/>\n<meta property=\"og:locale\" content=\"ro_RO\" \/>\n<meta property=\"og:type\" content=\"article\" \/>\n<meta property=\"og:title\" content=\"Lazi din mase plastice pentru depozitarea si transportarea produselor alimentare cu dimensiuni de 600\/400\/75 model 1 - Akumplast website\" \/>\n<meta property=\"og:description\" content=\"Dimensiuni 600\/400\/75 mm Pere\u021bi \u00eenchi\u0219i \u2013 fund \u00eenchis Volumul de lucru util: 18 l Capacitatea de transport nominal\u0103: 12 kg L\u0103zile sunt disponibile din material polimer de dou\u0103 tipuri: I \u2013 polimer primar II \u2013 polimer reciclat Num\u0103r pe pale\u021bi euro: 104\" \/>\n<meta property=\"og:url\" content=\"https:\/\/akumplast.com\/ro\/productie\/navete-din-mase-plastice\/\u043f\u043b\u0430\u0441\u0442\u043c\u0430\u0441\u043e\u0432\u0438-\u043a\u0430\u0441\u0438-\u0437\u0430-\u0441\u044a\u0445\u0440\u0430\u043d\u0435\u043d\u0438\u0435-\u0438-\u0442\u0440\u0430\u043d-17\/\" \/>\n<meta property=\"og:site_name\" content=\"Akumplast website\" \/>\n<meta property=\"article:modified_time\" content=\"2024-06-05T13:37:46+00:00\" \/>\n<meta property=\"og:image\" content=\"https:\/\/akumplast.com\/wp-content\/uploads\/2024\/05\/5_1-2.webp\" \/>\n\t<meta property=\"og:image:width\" content=\"1000\" \/>\n\t<meta property=\"og:image:height\" content=\"542\" \/>\n\t<meta property=\"og:image:type\" content=\"image\/webp\" \/>\n<meta name=\"twitter:card\" content=\"summary_large_image\" \/>\n<script type=\"application\/ld+json\" class=\"yoast-schema-graph\">{\"@context\":\"https:\/\/schema.org\",\"@graph\":[{\"@type\":\"WebPage\",\"@id\":\"https:\/\/akumplast.com\/ro\/productie\/navete-din-mase-plastice\/%d0%bf%d0%bb%d0%b0%d1%81%d1%82%d0%bc%d0%b0%d1%81%d0%be%d0%b2%d0%b8-%d0%ba%d0%b0%d1%81%d0%b8-%d0%b7%d0%b0-%d1%81%d1%8a%d1%85%d1%80%d0%b0%d0%bd%d0%b5%d0%bd%d0%b8%d0%b5-%d0%b8-%d1%82%d1%80%d0%b0%d0%bd-17\/\",\"url\":\"https:\/\/akumplast.com\/ro\/productie\/navete-din-mase-plastice\/%d0%bf%d0%bb%d0%b0%d1%81%d1%82%d0%bc%d0%b0%d1%81%d0%be%d0%b2%d0%b8-%d0%ba%d0%b0%d1%81%d0%b8-%d0%b7%d0%b0-%d1%81%d1%8a%d1%85%d1%80%d0%b0%d0%bd%d0%b5%d0%bd%d0%b8%d0%b5-%d0%b8-%d1%82%d1%80%d0%b0%d0%bd-17\/\",\"name\":\"Lazi din mase plastice pentru depozitarea si transportarea produselor alimentare cu dimensiuni de 600\/400\/75 model 1 - Akumplast website\",\"isPartOf\":{\"@id\":\"https:\/\/akumplast.com\/#website\"},\"primaryImageOfPage\":{\"@id\":\"https:\/\/akumplast.com\/ro\/productie\/navete-din-mase-plastice\/%d0%bf%d0%bb%d0%b0%d1%81%d1%82%d0%bc%d0%b0%d1%81%d0%be%d0%b2%d0%b8-%d0%ba%d0%b0%d1%81%d0%b8-%d0%b7%d0%b0-%d1%81%d1%8a%d1%85%d1%80%d0%b0%d0%bd%d0%b5%d0%bd%d0%b8%d0%b5-%d0%b8-%d1%82%d1%80%d0%b0%d0%bd-17\/#primaryimage\"},\"image\":{\"@id\":\"https:\/\/akumplast.com\/ro\/productie\/navete-din-mase-plastice\/%d0%bf%d0%bb%d0%b0%d1%81%d1%82%d0%bc%d0%b0%d1%81%d0%be%d0%b2%d0%b8-%d0%ba%d0%b0%d1%81%d0%b8-%d0%b7%d0%b0-%d1%81%d1%8a%d1%85%d1%80%d0%b0%d0%bd%d0%b5%d0%bd%d0%b8%d0%b5-%d0%b8-%d1%82%d1%80%d0%b0%d0%bd-17\/#primaryimage\"},\"thumbnailUrl\":\"https:\/\/akumplast.com\/wp-content\/uploads\/2024\/05\/5_1-2.webp\",\"datePublished\":\"2023-12-05T10:40:34+00:00\",\"dateModified\":\"2024-06-05T13:37:46+00:00\",\"breadcrumb\":{\"@id\":\"https:\/\/akumplast.com\/ro\/productie\/navete-din-mase-plastice\/%d0%bf%d0%bb%d0%b0%d1%81%d1%82%d0%bc%d0%b0%d1%81%d0%be%d0%b2%d0%b8-%d0%ba%d0%b0%d1%81%d0%b8-%d0%b7%d0%b0-%d1%81%d1%8a%d1%85%d1%80%d0%b0%d0%bd%d0%b5%d0%bd%d0%b8%d0%b5-%d0%b8-%d1%82%d1%80%d0%b0%d0%bd-17\/#breadcrumb\"},\"inLanguage\":\"ro-RO\",\"potentialAction\":[{\"@type\":\"ReadAction\",\"target\":[\"https:\/\/akumplast.com\/ro\/productie\/navete-din-mase-plastice\/%d0%bf%d0%bb%d0%b0%d1%81%d1%82%d0%bc%d0%b0%d1%81%d0%be%d0%b2%d0%b8-%d0%ba%d0%b0%d1%81%d0%b8-%d0%b7%d0%b0-%d1%81%d1%8a%d1%85%d1%80%d0%b0%d0%bd%d0%b5%d0%bd%d0%b8%d0%b5-%d0%b8-%d1%82%d1%80%d0%b0%d0%bd-17\/\"]}]},{\"@type\":\"ImageObject\",\"inLanguage\":\"ro-RO\",\"@id\":\"https:\/\/akumplast.com\/ro\/productie\/navete-din-mase-plastice\/%d0%bf%d0%bb%d0%b0%d1%81%d1%82%d0%bc%d0%b0%d1%81%d0%be%d0%b2%d0%b8-%d0%ba%d0%b0%d1%81%d0%b8-%d0%b7%d0%b0-%d1%81%d1%8a%d1%85%d1%80%d0%b0%d0%bd%d0%b5%d0%bd%d0%b8%d0%b5-%d0%b8-%d1%82%d1%80%d0%b0%d0%bd-17\/#primaryimage\",\"url\":\"https:\/\/akumplast.com\/wp-content\/uploads\/2024\/05\/5_1-2.webp\",\"contentUrl\":\"https:\/\/akumplast.com\/wp-content\/uploads\/2024\/05\/5_1-2.webp\",\"width\":1000,\"height\":542},{\"@type\":\"BreadcrumbList\",\"@id\":\"https:\/\/akumplast.com\/ro\/productie\/navete-din-mase-plastice\/%d0%bf%d0%bb%d0%b0%d1%81%d1%82%d0%bc%d0%b0%d1%81%d0%be%d0%b2%d0%b8-%d0%ba%d0%b0%d1%81%d0%b8-%d0%b7%d0%b0-%d1%81%d1%8a%d1%85%d1%80%d0%b0%d0%bd%d0%b5%d0%bd%d0%b8%d0%b5-%d0%b8-%d1%82%d1%80%d0%b0%d0%bd-17\/#breadcrumb\",\"itemListElement\":[{\"@type\":\"ListItem\",\"position\":1,\"name\":\"\u041d\u0430\u0447\u0430\u043b\u043e\",\"item\":\"https:\/\/akumplast.com\/ro\/\"},{\"@type\":\"ListItem\",\"position\":2,\"name\":\"Productie\",\"item\":\"https:\/\/akumplast.com\/ro\/productie\/\"},{\"@type\":\"ListItem\",\"position\":3,\"name\":\"Navete din mase plastice\",\"item\":\"https:\/\/akumplast.com\/ro\/productie\/navete-din-mase-plastice\/\"},{\"@type\":\"ListItem\",\"position\":4,\"name\":\"Lazi din mase plastice pentru depozitarea si transportarea produselor alimentare cu dimensiuni de 600\/400\/75 model 1\"}]},{\"@type\":\"WebSite\",\"@id\":\"https:\/\/akumplast.com\/#website\",\"url\":\"https:\/\/akumplast.com\/\",\"name\":\"Akumplast\",\"description\":\"\",\"publisher\":{\"@id\":\"https:\/\/akumplast.com\/#organization\"},\"potentialAction\":[{\"@type\":\"SearchAction\",\"target\":{\"@type\":\"EntryPoint\",\"urlTemplate\":\"https:\/\/akumplast.com\/?s={search_term_string}\"},\"query-input\":{\"@type\":\"PropertyValueSpecification\",\"valueRequired\":true,\"valueName\":\"search_term_string\"}}],\"inLanguage\":\"ro-RO\"},{\"@type\":\"Organization\",\"@id\":\"https:\/\/akumplast.com\/#organization\",\"name\":\"Akumplast Jsc\",\"url\":\"https:\/\/akumplast.com\/\",\"logo\":{\"@type\":\"ImageObject\",\"inLanguage\":\"ro-RO\",\"@id\":\"https:\/\/akumplast.com\/#\/schema\/logo\/image\/\",\"url\":\"https:\/\/akumplast.com\/wp-content\/uploads\/2023\/10\/cropped-Logo.png\",\"contentUrl\":\"https:\/\/akumplast.com\/wp-content\/uploads\/2023\/10\/cropped-Logo.png\",\"width\":512,\"height\":512,\"caption\":\"Akumplast Jsc\"},\"image\":{\"@id\":\"https:\/\/akumplast.com\/#\/schema\/logo\/image\/\"}}]}<\/script>\n<!-- \/ Yoast SEO plugin. -->","yoast_head_json":{"title":"Lazi din mase plastice pentru depozitarea si transportarea produselor alimentare cu dimensiuni de 600\/400\/75 model 1 - Akumplast website","robots":{"index":"index","follow":"follow","max-snippet":"max-snippet:-1","max-image-preview":"max-image-preview:large","max-video-preview":"max-video-preview:-1"},"canonical":"https:\/\/akumplast.com\/ro\/productie\/navete-din-mase-plastice\/\u043f\u043b\u0430\u0441\u0442\u043c\u0430\u0441\u043e\u0432\u0438-\u043a\u0430\u0441\u0438-\u0437\u0430-\u0441\u044a\u0445\u0440\u0430\u043d\u0435\u043d\u0438\u0435-\u0438-\u0442\u0440\u0430\u043d-17\/","og_locale":"ro_RO","og_type":"article","og_title":"Lazi din mase plastice pentru depozitarea si transportarea produselor alimentare cu dimensiuni de 600\/400\/75 model 1 - Akumplast website","og_description":"Dimensiuni 600\/400\/75 mm Pere\u021bi \u00eenchi\u0219i \u2013 fund \u00eenchis Volumul de lucru util: 18 l Capacitatea de transport nominal\u0103: 12 kg L\u0103zile sunt disponibile din material polimer de dou\u0103 tipuri: I \u2013 polimer primar II \u2013 polimer reciclat Num\u0103r pe pale\u021bi euro: 104","og_url":"https:\/\/akumplast.com\/ro\/productie\/navete-din-mase-plastice\/\u043f\u043b\u0430\u0441\u0442\u043c\u0430\u0441\u043e\u0432\u0438-\u043a\u0430\u0441\u0438-\u0437\u0430-\u0441\u044a\u0445\u0440\u0430\u043d\u0435\u043d\u0438\u0435-\u0438-\u0442\u0440\u0430\u043d-17\/","og_site_name":"Akumplast website","article_modified_time":"2024-06-05T13:37:46+00:00","og_image":[{"width":1000,"height":542,"url":"https:\/\/akumplast.com\/wp-content\/uploads\/2024\/05\/5_1-2.webp","type":"image\/webp"}],"twitter_card":"summary_large_image","schema":{"@context":"https:\/\/schema.org","@graph":[{"@type":"WebPage","@id":"https:\/\/akumplast.com\/ro\/productie\/navete-din-mase-plastice\/%d0%bf%d0%bb%d0%b0%d1%81%d1%82%d0%bc%d0%b0%d1%81%d0%be%d0%b2%d0%b8-%d0%ba%d0%b0%d1%81%d0%b8-%d0%b7%d0%b0-%d1%81%d1%8a%d1%85%d1%80%d0%b0%d0%bd%d0%b5%d0%bd%d0%b8%d0%b5-%d0%b8-%d1%82%d1%80%d0%b0%d0%bd-17\/","url":"https:\/\/akumplast.com\/ro\/productie\/navete-din-mase-plastice\/%d0%bf%d0%bb%d0%b0%d1%81%d1%82%d0%bc%d0%b0%d1%81%d0%be%d0%b2%d0%b8-%d0%ba%d0%b0%d1%81%d0%b8-%d0%b7%d0%b0-%d1%81%d1%8a%d1%85%d1%80%d0%b0%d0%bd%d0%b5%d0%bd%d0%b8%d0%b5-%d0%b8-%d1%82%d1%80%d0%b0%d0%bd-17\/","name":"Lazi din mase plastice pentru depozitarea si transportarea produselor alimentare cu dimensiuni de 600\/400\/75 model 1 - Akumplast website","isPartOf":{"@id":"https:\/\/akumplast.com\/#website"},"primaryImageOfPage":{"@id":"https:\/\/akumplast.com\/ro\/productie\/navete-din-mase-plastice\/%d0%bf%d0%bb%d0%b0%d1%81%d1%82%d0%bc%d0%b0%d1%81%d0%be%d0%b2%d0%b8-%d0%ba%d0%b0%d1%81%d0%b8-%d0%b7%d0%b0-%d1%81%d1%8a%d1%85%d1%80%d0%b0%d0%bd%d0%b5%d0%bd%d0%b8%d0%b5-%d0%b8-%d1%82%d1%80%d0%b0%d0%bd-17\/#primaryimage"},"image":{"@id":"https:\/\/akumplast.com\/ro\/productie\/navete-din-mase-plastice\/%d0%bf%d0%bb%d0%b0%d1%81%d1%82%d0%bc%d0%b0%d1%81%d0%be%d0%b2%d0%b8-%d0%ba%d0%b0%d1%81%d0%b8-%d0%b7%d0%b0-%d1%81%d1%8a%d1%85%d1%80%d0%b0%d0%bd%d0%b5%d0%bd%d0%b8%d0%b5-%d0%b8-%d1%82%d1%80%d0%b0%d0%bd-17\/#primaryimage"},"thumbnailUrl":"https:\/\/akumplast.com\/wp-content\/uploads\/2024\/05\/5_1-2.webp","datePublished":"2023-12-05T10:40:34+00:00","dateModified":"2024-06-05T13:37:46+00:00","breadcrumb":{"@id":"https:\/\/akumplast.com\/ro\/productie\/navete-din-mase-plastice\/%d0%bf%d0%bb%d0%b0%d1%81%d1%82%d0%bc%d0%b0%d1%81%d0%be%d0%b2%d0%b8-%d0%ba%d0%b0%d1%81%d0%b8-%d0%b7%d0%b0-%d1%81%d1%8a%d1%85%d1%80%d0%b0%d0%bd%d0%b5%d0%bd%d0%b8%d0%b5-%d0%b8-%d1%82%d1%80%d0%b0%d0%bd-17\/#breadcrumb"},"inLanguage":"ro-RO","potentialAction":[{"@type":"ReadAction","target":["https:\/\/akumplast.com\/ro\/productie\/navete-din-mase-plastice\/%d0%bf%d0%bb%d0%b0%d1%81%d1%82%d0%bc%d0%b0%d1%81%d0%be%d0%b2%d0%b8-%d0%ba%d0%b0%d1%81%d0%b8-%d0%b7%d0%b0-%d1%81%d1%8a%d1%85%d1%80%d0%b0%d0%bd%d0%b5%d0%bd%d0%b8%d0%b5-%d0%b8-%d1%82%d1%80%d0%b0%d0%bd-17\/"]}]},{"@type":"ImageObject","inLanguage":"ro-RO","@id":"https:\/\/akumplast.com\/ro\/productie\/navete-din-mase-plastice\/%d0%bf%d0%bb%d0%b0%d1%81%d1%82%d0%bc%d0%b0%d1%81%d0%be%d0%b2%d0%b8-%d0%ba%d0%b0%d1%81%d0%b8-%d0%b7%d0%b0-%d1%81%d1%8a%d1%85%d1%80%d0%b0%d0%bd%d0%b5%d0%bd%d0%b8%d0%b5-%d0%b8-%d1%82%d1%80%d0%b0%d0%bd-17\/#primaryimage","url":"https:\/\/akumplast.com\/wp-content\/uploads\/2024\/05\/5_1-2.webp","contentUrl":"https:\/\/akumplast.com\/wp-content\/uploads\/2024\/05\/5_1-2.webp","width":1000,"height":542},{"@type":"BreadcrumbList","@id":"https:\/\/akumplast.com\/ro\/productie\/navete-din-mase-plastice\/%d0%bf%d0%bb%d0%b0%d1%81%d1%82%d0%bc%d0%b0%d1%81%d0%be%d0%b2%d0%b8-%d0%ba%d0%b0%d1%81%d0%b8-%d0%b7%d0%b0-%d1%81%d1%8a%d1%85%d1%80%d0%b0%d0%bd%d0%b5%d0%bd%d0%b8%d0%b5-%d0%b8-%d1%82%d1%80%d0%b0%d0%bd-17\/#breadcrumb","itemListElement":[{"@type":"ListItem","position":1,"name":"\u041d\u0430\u0447\u0430\u043b\u043e","item":"https:\/\/akumplast.com\/ro\/"},{"@type":"ListItem","position":2,"name":"Productie","item":"https:\/\/akumplast.com\/ro\/productie\/"},{"@type":"ListItem","position":3,"name":"Navete din mase plastice","item":"https:\/\/akumplast.com\/ro\/productie\/navete-din-mase-plastice\/"},{"@type":"ListItem","position":4,"name":"Lazi din mase plastice pentru depozitarea si transportarea produselor alimentare cu dimensiuni de 600\/400\/75 model 1"}]},{"@type":"WebSite","@id":"https:\/\/akumplast.com\/#website","url":"https:\/\/akumplast.com\/","name":"Akumplast","description":"","publisher":{"@id":"https:\/\/akumplast.com\/#organization"},"potentialAction":[{"@type":"SearchAction","target":{"@type":"EntryPoint","urlTemplate":"https:\/\/akumplast.com\/?s={search_term_string}"},"query-input":{"@type":"PropertyValueSpecification","valueRequired":true,"valueName":"search_term_string"}}],"inLanguage":"ro-RO"},{"@type":"Organization","@id":"https:\/\/akumplast.com\/#organization","name":"Akumplast Jsc","url":"https:\/\/akumplast.com\/","logo":{"@type":"ImageObject","inLanguage":"ro-RO","@id":"https:\/\/akumplast.com\/#\/schema\/logo\/image\/","url":"https:\/\/akumplast.com\/wp-content\/uploads\/2023\/10\/cropped-Logo.png","contentUrl":"https:\/\/akumplast.com\/wp-content\/uploads\/2023\/10\/cropped-Logo.png","width":512,"height":512,"caption":"Akumplast Jsc"},"image":{"@id":"https:\/\/akumplast.com\/#\/schema\/logo\/image\/"}}]}},"_links":{"self":[{"href":"https:\/\/akumplast.com\/ro\/wp-json\/wp\/v2\/pages\/3139","targetHints":{"allow":["GET"]}}],"collection":[{"href":"https:\/\/akumplast.com\/ro\/wp-json\/wp\/v2\/pages"}],"about":[{"href":"https:\/\/akumplast.com\/ro\/wp-json\/wp\/v2\/types\/page"}],"author":[{"embeddable":true,"href":"https:\/\/akumplast.com\/ro\/wp-json\/wp\/v2\/users\/1"}],"replies":[{"embeddable":true,"href":"https:\/\/akumplast.com\/ro\/wp-json\/wp\/v2\/comments?post=3139"}],"version-history":[{"count":0,"href":"https:\/\/akumplast.com\/ro\/wp-json\/wp\/v2\/pages\/3139\/revisions"}],"up":[{"embeddable":true,"href":"https:\/\/akumplast.com\/ro\/wp-json\/wp\/v2\/pages\/3039"}],"wp:featuredmedia":[{"embeddable":true,"href":"https:\/\/akumplast.com\/ro\/wp-json\/wp\/v2\/media\/2727"}],"wp:attachment":[{"href":"https:\/\/akumplast.com\/ro\/wp-json\/wp\/v2\/media?parent=3139"}],"curies":[{"name":"wp","href":"https:\/\/api.w.org\/{rel}","templated":true}]}}