{"id":3120,"date":"2022-01-09T13:03:29","date_gmt":"2022-01-09T13:03:29","guid":{"rendered":"http:\/\/akum.com.dedivirt405.your-server.de\/productie\/navete-din-mase-plastice\/%d0%ba%d1%83%d1%82%d0%b8%d1%8f-%d0%b7%d0%b0-%d1%81%d0%b8%d1%80%d0%b5%d0%bd%d0%b5-5-%d0%bb\/"},"modified":"2024-06-05T13:05:01","modified_gmt":"2024-06-05T13:05:01","slug":"cutie-de-branza-5-l","status":"publish","type":"page","link":"https:\/\/akumplast.com\/ro\/productie\/navete-din-mase-plastice\/cutie-de-branza-5-l\/","title":{"rendered":"Cutie de br\u00e2nz\u0103 &#8211; 5 l"},"content":{"rendered":"<p>Cutiile sunt concepute pentru maturarea tehnologic\u0103 \u0219i depozitarea br\u00e2nzeturilor cu saramur\u0103 alb\u0103.<\/p>\n<p>Lungime: 250 mm<br \/>\nLatime: 250 mm<br \/>\nInaltime: 80 mm<br \/>\nVolumul de lucru util: 50 litri<\/p>\n<p>Cutiile au certificat de calitate si origine.<\/p>\n","protected":false},"excerpt":{"rendered":"<p>Cutiile sunt concepute pentru maturarea tehnologic\u0103 \u0219i depozitarea br\u00e2nzeturilor cu saramur\u0103 alb\u0103. Lungime: 250 mm Latime: 250 mm Inaltime: 80 mm Volumul de lucru util: 50 litri Cutiile au certificat de calitate si origine.<\/p>\n","protected":false},"author":1,"featured_media":2691,"parent":3039,"menu_order":0,"comment_status":"closed","ping_status":"closed","template":"","meta":{"_acf_changed":false,"_breakdance_hide_in_design_set":false,"_breakdance_tags":"","footnotes":""},"class_list":["post-3120","page","type-page","status-publish","has-post-thumbnail","hentry"],"acf":[],"yoast_head":"<!-- This site is optimized with the Yoast SEO plugin v24.3 - https:\/\/yoast.com\/wordpress\/plugins\/seo\/ -->\n<title>Cutie de br\u00e2nz\u0103 - 5 l - Akumplast website<\/title>\n<meta name=\"robots\" content=\"index, follow, max-snippet:-1, max-image-preview:large, max-video-preview:-1\" \/>\n<link rel=\"canonical\" href=\"https:\/\/akumplast.com\/\u043f\u0440\u043e\u0434\u0443\u043a\u0442\u0438\/\u043f\u043b\u0430\u0441\u0442\u043c\u0430\u0441\u043e\u0432\u0438-\u043a\u0430\u0441\u0438\/\u043a\u0443\u0442\u0438\u044f-\u0437\u0430-\u0441\u0438\u0440\u0435\u043d\u0435-5-\u043b\/\" \/>\n<meta property=\"og:locale\" content=\"ro_RO\" \/>\n<meta property=\"og:type\" content=\"article\" \/>\n<meta property=\"og:title\" content=\"Cutie de br\u00e2nz\u0103 - 5 l - Akumplast website\" \/>\n<meta property=\"og:description\" content=\"Cutiile sunt concepute pentru maturarea tehnologic\u0103 \u0219i depozitarea br\u00e2nzeturilor cu saramur\u0103 alb\u0103. Lungime: 250 mm Latime: 250 mm Inaltime: 80 mm Volumul de lucru util: 50 litri Cutiile au certificat de calitate si origine.\" \/>\n<meta property=\"og:url\" content=\"https:\/\/akumplast.com\/\u043f\u0440\u043e\u0434\u0443\u043a\u0442\u0438\/\u043f\u043b\u0430\u0441\u0442\u043c\u0430\u0441\u043e\u0432\u0438-\u043a\u0430\u0441\u0438\/\u043a\u0443\u0442\u0438\u044f-\u0437\u0430-\u0441\u0438\u0440\u0435\u043d\u0435-5-\u043b\/\" \/>\n<meta property=\"og:site_name\" content=\"Akumplast website\" \/>\n<meta property=\"article:modified_time\" content=\"2024-06-05T13:05:01+00:00\" \/>\n<meta property=\"og:image\" content=\"https:\/\/akumplast.com\/wp-content\/uploads\/2024\/05\/kutiq_\u043d\u0435\u04323.webp\" \/>\n\t<meta property=\"og:image:width\" content=\"2421\" \/>\n\t<meta property=\"og:image:height\" content=\"1836\" \/>\n\t<meta property=\"og:image:type\" content=\"image\/webp\" \/>\n<meta name=\"twitter:card\" content=\"summary_large_image\" \/>\n<script type=\"application\/ld+json\" class=\"yoast-schema-graph\">{\"@context\":\"https:\/\/schema.org\",\"@graph\":[{\"@type\":\"WebPage\",\"@id\":\"https:\/\/akumplast.com\/%d0%bf%d1%80%d0%be%d0%b4%d1%83%d0%ba%d1%82%d0%b8\/%d0%bf%d0%bb%d0%b0%d1%81%d1%82%d0%bc%d0%b0%d1%81%d0%be%d0%b2%d0%b8-%d0%ba%d0%b0%d1%81%d0%b8\/%d0%ba%d1%83%d1%82%d0%b8%d1%8f-%d0%b7%d0%b0-%d1%81%d0%b8%d1%80%d0%b5%d0%bd%d0%b5-5-%d0%bb\/\",\"url\":\"https:\/\/akumplast.com\/%d0%bf%d1%80%d0%be%d0%b4%d1%83%d0%ba%d1%82%d0%b8\/%d0%bf%d0%bb%d0%b0%d1%81%d1%82%d0%bc%d0%b0%d1%81%d0%be%d0%b2%d0%b8-%d0%ba%d0%b0%d1%81%d0%b8\/%d0%ba%d1%83%d1%82%d0%b8%d1%8f-%d0%b7%d0%b0-%d1%81%d0%b8%d1%80%d0%b5%d0%bd%d0%b5-5-%d0%bb\/\",\"name\":\"Cutie de br\u00e2nz\u0103 - 5 l - Akumplast website\",\"isPartOf\":{\"@id\":\"https:\/\/akumplast.com\/#website\"},\"primaryImageOfPage\":{\"@id\":\"https:\/\/akumplast.com\/%d0%bf%d1%80%d0%be%d0%b4%d1%83%d0%ba%d1%82%d0%b8\/%d0%bf%d0%bb%d0%b0%d1%81%d1%82%d0%bc%d0%b0%d1%81%d0%be%d0%b2%d0%b8-%d0%ba%d0%b0%d1%81%d0%b8\/%d0%ba%d1%83%d1%82%d0%b8%d1%8f-%d0%b7%d0%b0-%d1%81%d0%b8%d1%80%d0%b5%d0%bd%d0%b5-5-%d0%bb\/#primaryimage\"},\"image\":{\"@id\":\"https:\/\/akumplast.com\/%d0%bf%d1%80%d0%be%d0%b4%d1%83%d0%ba%d1%82%d0%b8\/%d0%bf%d0%bb%d0%b0%d1%81%d1%82%d0%bc%d0%b0%d1%81%d0%be%d0%b2%d0%b8-%d0%ba%d0%b0%d1%81%d0%b8\/%d0%ba%d1%83%d1%82%d0%b8%d1%8f-%d0%b7%d0%b0-%d1%81%d0%b8%d1%80%d0%b5%d0%bd%d0%b5-5-%d0%bb\/#primaryimage\"},\"thumbnailUrl\":\"https:\/\/akumplast.com\/wp-content\/uploads\/2024\/05\/kutiq_\u043d\u0435\u04323.webp\",\"datePublished\":\"2022-01-09T13:03:29+00:00\",\"dateModified\":\"2024-06-05T13:05:01+00:00\",\"breadcrumb\":{\"@id\":\"https:\/\/akumplast.com\/%d0%bf%d1%80%d0%be%d0%b4%d1%83%d0%ba%d1%82%d0%b8\/%d0%bf%d0%bb%d0%b0%d1%81%d1%82%d0%bc%d0%b0%d1%81%d0%be%d0%b2%d0%b8-%d0%ba%d0%b0%d1%81%d0%b8\/%d0%ba%d1%83%d1%82%d0%b8%d1%8f-%d0%b7%d0%b0-%d1%81%d0%b8%d1%80%d0%b5%d0%bd%d0%b5-5-%d0%bb\/#breadcrumb\"},\"inLanguage\":\"ro-RO\",\"potentialAction\":[{\"@type\":\"ReadAction\",\"target\":[\"https:\/\/akumplast.com\/%d0%bf%d1%80%d0%be%d0%b4%d1%83%d0%ba%d1%82%d0%b8\/%d0%bf%d0%bb%d0%b0%d1%81%d1%82%d0%bc%d0%b0%d1%81%d0%be%d0%b2%d0%b8-%d0%ba%d0%b0%d1%81%d0%b8\/%d0%ba%d1%83%d1%82%d0%b8%d1%8f-%d0%b7%d0%b0-%d1%81%d0%b8%d1%80%d0%b5%d0%bd%d0%b5-5-%d0%bb\/\"]}]},{\"@type\":\"ImageObject\",\"inLanguage\":\"ro-RO\",\"@id\":\"https:\/\/akumplast.com\/%d0%bf%d1%80%d0%be%d0%b4%d1%83%d0%ba%d1%82%d0%b8\/%d0%bf%d0%bb%d0%b0%d1%81%d1%82%d0%bc%d0%b0%d1%81%d0%be%d0%b2%d0%b8-%d0%ba%d0%b0%d1%81%d0%b8\/%d0%ba%d1%83%d1%82%d0%b8%d1%8f-%d0%b7%d0%b0-%d1%81%d0%b8%d1%80%d0%b5%d0%bd%d0%b5-5-%d0%bb\/#primaryimage\",\"url\":\"https:\/\/akumplast.com\/wp-content\/uploads\/2024\/05\/kutiq_\u043d\u0435\u04323.webp\",\"contentUrl\":\"https:\/\/akumplast.com\/wp-content\/uploads\/2024\/05\/kutiq_\u043d\u0435\u04323.webp\",\"width\":2421,\"height\":1836},{\"@type\":\"BreadcrumbList\",\"@id\":\"https:\/\/akumplast.com\/%d0%bf%d1%80%d0%be%d0%b4%d1%83%d0%ba%d1%82%d0%b8\/%d0%bf%d0%bb%d0%b0%d1%81%d1%82%d0%bc%d0%b0%d1%81%d0%be%d0%b2%d0%b8-%d0%ba%d0%b0%d1%81%d0%b8\/%d0%ba%d1%83%d1%82%d0%b8%d1%8f-%d0%b7%d0%b0-%d1%81%d0%b8%d1%80%d0%b5%d0%bd%d0%b5-5-%d0%bb\/#breadcrumb\",\"itemListElement\":[{\"@type\":\"ListItem\",\"position\":1,\"name\":\"\u041d\u0430\u0447\u0430\u043b\u043e\",\"item\":\"https:\/\/akumplast.com\/ro\/\"},{\"@type\":\"ListItem\",\"position\":2,\"name\":\"Productie\",\"item\":\"https:\/\/akumplast.com\/ro\/productie\/\"},{\"@type\":\"ListItem\",\"position\":3,\"name\":\"Navete din mase plastice\",\"item\":\"https:\/\/akumplast.com\/ro\/productie\/navete-din-mase-plastice\/\"},{\"@type\":\"ListItem\",\"position\":4,\"name\":\"Cutie de br\u00e2nz\u0103 &#8211; 5 l\"}]},{\"@type\":\"WebSite\",\"@id\":\"https:\/\/akumplast.com\/#website\",\"url\":\"https:\/\/akumplast.com\/\",\"name\":\"Akumplast\",\"description\":\"\",\"publisher\":{\"@id\":\"https:\/\/akumplast.com\/#organization\"},\"potentialAction\":[{\"@type\":\"SearchAction\",\"target\":{\"@type\":\"EntryPoint\",\"urlTemplate\":\"https:\/\/akumplast.com\/?s={search_term_string}\"},\"query-input\":{\"@type\":\"PropertyValueSpecification\",\"valueRequired\":true,\"valueName\":\"search_term_string\"}}],\"inLanguage\":\"ro-RO\"},{\"@type\":\"Organization\",\"@id\":\"https:\/\/akumplast.com\/#organization\",\"name\":\"Akumplast Jsc\",\"url\":\"https:\/\/akumplast.com\/\",\"logo\":{\"@type\":\"ImageObject\",\"inLanguage\":\"ro-RO\",\"@id\":\"https:\/\/akumplast.com\/#\/schema\/logo\/image\/\",\"url\":\"https:\/\/akumplast.com\/wp-content\/uploads\/2023\/10\/cropped-Logo.png\",\"contentUrl\":\"https:\/\/akumplast.com\/wp-content\/uploads\/2023\/10\/cropped-Logo.png\",\"width\":512,\"height\":512,\"caption\":\"Akumplast Jsc\"},\"image\":{\"@id\":\"https:\/\/akumplast.com\/#\/schema\/logo\/image\/\"}}]}<\/script>\n<!-- \/ Yoast SEO plugin. -->","yoast_head_json":{"title":"Cutie de br\u00e2nz\u0103 - 5 l - Akumplast website","robots":{"index":"index","follow":"follow","max-snippet":"max-snippet:-1","max-image-preview":"max-image-preview:large","max-video-preview":"max-video-preview:-1"},"canonical":"https:\/\/akumplast.com\/\u043f\u0440\u043e\u0434\u0443\u043a\u0442\u0438\/\u043f\u043b\u0430\u0441\u0442\u043c\u0430\u0441\u043e\u0432\u0438-\u043a\u0430\u0441\u0438\/\u043a\u0443\u0442\u0438\u044f-\u0437\u0430-\u0441\u0438\u0440\u0435\u043d\u0435-5-\u043b\/","og_locale":"ro_RO","og_type":"article","og_title":"Cutie de br\u00e2nz\u0103 - 5 l - Akumplast website","og_description":"Cutiile sunt concepute pentru maturarea tehnologic\u0103 \u0219i depozitarea br\u00e2nzeturilor cu saramur\u0103 alb\u0103. Lungime: 250 mm Latime: 250 mm Inaltime: 80 mm Volumul de lucru util: 50 litri Cutiile au certificat de calitate si origine.","og_url":"https:\/\/akumplast.com\/\u043f\u0440\u043e\u0434\u0443\u043a\u0442\u0438\/\u043f\u043b\u0430\u0441\u0442\u043c\u0430\u0441\u043e\u0432\u0438-\u043a\u0430\u0441\u0438\/\u043a\u0443\u0442\u0438\u044f-\u0437\u0430-\u0441\u0438\u0440\u0435\u043d\u0435-5-\u043b\/","og_site_name":"Akumplast website","article_modified_time":"2024-06-05T13:05:01+00:00","og_image":[{"width":2421,"height":1836,"url":"https:\/\/akumplast.com\/wp-content\/uploads\/2024\/05\/kutiq_\u043d\u0435\u04323.webp","type":"image\/webp"}],"twitter_card":"summary_large_image","schema":{"@context":"https:\/\/schema.org","@graph":[{"@type":"WebPage","@id":"https:\/\/akumplast.com\/%d0%bf%d1%80%d0%be%d0%b4%d1%83%d0%ba%d1%82%d0%b8\/%d0%bf%d0%bb%d0%b0%d1%81%d1%82%d0%bc%d0%b0%d1%81%d0%be%d0%b2%d0%b8-%d0%ba%d0%b0%d1%81%d0%b8\/%d0%ba%d1%83%d1%82%d0%b8%d1%8f-%d0%b7%d0%b0-%d1%81%d0%b8%d1%80%d0%b5%d0%bd%d0%b5-5-%d0%bb\/","url":"https:\/\/akumplast.com\/%d0%bf%d1%80%d0%be%d0%b4%d1%83%d0%ba%d1%82%d0%b8\/%d0%bf%d0%bb%d0%b0%d1%81%d1%82%d0%bc%d0%b0%d1%81%d0%be%d0%b2%d0%b8-%d0%ba%d0%b0%d1%81%d0%b8\/%d0%ba%d1%83%d1%82%d0%b8%d1%8f-%d0%b7%d0%b0-%d1%81%d0%b8%d1%80%d0%b5%d0%bd%d0%b5-5-%d0%bb\/","name":"Cutie de br\u00e2nz\u0103 - 5 l - Akumplast website","isPartOf":{"@id":"https:\/\/akumplast.com\/#website"},"primaryImageOfPage":{"@id":"https:\/\/akumplast.com\/%d0%bf%d1%80%d0%be%d0%b4%d1%83%d0%ba%d1%82%d0%b8\/%d0%bf%d0%bb%d0%b0%d1%81%d1%82%d0%bc%d0%b0%d1%81%d0%be%d0%b2%d0%b8-%d0%ba%d0%b0%d1%81%d0%b8\/%d0%ba%d1%83%d1%82%d0%b8%d1%8f-%d0%b7%d0%b0-%d1%81%d0%b8%d1%80%d0%b5%d0%bd%d0%b5-5-%d0%bb\/#primaryimage"},"image":{"@id":"https:\/\/akumplast.com\/%d0%bf%d1%80%d0%be%d0%b4%d1%83%d0%ba%d1%82%d0%b8\/%d0%bf%d0%bb%d0%b0%d1%81%d1%82%d0%bc%d0%b0%d1%81%d0%be%d0%b2%d0%b8-%d0%ba%d0%b0%d1%81%d0%b8\/%d0%ba%d1%83%d1%82%d0%b8%d1%8f-%d0%b7%d0%b0-%d1%81%d0%b8%d1%80%d0%b5%d0%bd%d0%b5-5-%d0%bb\/#primaryimage"},"thumbnailUrl":"https:\/\/akumplast.com\/wp-content\/uploads\/2024\/05\/kutiq_\u043d\u0435\u04323.webp","datePublished":"2022-01-09T13:03:29+00:00","dateModified":"2024-06-05T13:05:01+00:00","breadcrumb":{"@id":"https:\/\/akumplast.com\/%d0%bf%d1%80%d0%be%d0%b4%d1%83%d0%ba%d1%82%d0%b8\/%d0%bf%d0%bb%d0%b0%d1%81%d1%82%d0%bc%d0%b0%d1%81%d0%be%d0%b2%d0%b8-%d0%ba%d0%b0%d1%81%d0%b8\/%d0%ba%d1%83%d1%82%d0%b8%d1%8f-%d0%b7%d0%b0-%d1%81%d0%b8%d1%80%d0%b5%d0%bd%d0%b5-5-%d0%bb\/#breadcrumb"},"inLanguage":"ro-RO","potentialAction":[{"@type":"ReadAction","target":["https:\/\/akumplast.com\/%d0%bf%d1%80%d0%be%d0%b4%d1%83%d0%ba%d1%82%d0%b8\/%d0%bf%d0%bb%d0%b0%d1%81%d1%82%d0%bc%d0%b0%d1%81%d0%be%d0%b2%d0%b8-%d0%ba%d0%b0%d1%81%d0%b8\/%d0%ba%d1%83%d1%82%d0%b8%d1%8f-%d0%b7%d0%b0-%d1%81%d0%b8%d1%80%d0%b5%d0%bd%d0%b5-5-%d0%bb\/"]}]},{"@type":"ImageObject","inLanguage":"ro-RO","@id":"https:\/\/akumplast.com\/%d0%bf%d1%80%d0%be%d0%b4%d1%83%d0%ba%d1%82%d0%b8\/%d0%bf%d0%bb%d0%b0%d1%81%d1%82%d0%bc%d0%b0%d1%81%d0%be%d0%b2%d0%b8-%d0%ba%d0%b0%d1%81%d0%b8\/%d0%ba%d1%83%d1%82%d0%b8%d1%8f-%d0%b7%d0%b0-%d1%81%d0%b8%d1%80%d0%b5%d0%bd%d0%b5-5-%d0%bb\/#primaryimage","url":"https:\/\/akumplast.com\/wp-content\/uploads\/2024\/05\/kutiq_\u043d\u0435\u04323.webp","contentUrl":"https:\/\/akumplast.com\/wp-content\/uploads\/2024\/05\/kutiq_\u043d\u0435\u04323.webp","width":2421,"height":1836},{"@type":"BreadcrumbList","@id":"https:\/\/akumplast.com\/%d0%bf%d1%80%d0%be%d0%b4%d1%83%d0%ba%d1%82%d0%b8\/%d0%bf%d0%bb%d0%b0%d1%81%d1%82%d0%bc%d0%b0%d1%81%d0%be%d0%b2%d0%b8-%d0%ba%d0%b0%d1%81%d0%b8\/%d0%ba%d1%83%d1%82%d0%b8%d1%8f-%d0%b7%d0%b0-%d1%81%d0%b8%d1%80%d0%b5%d0%bd%d0%b5-5-%d0%bb\/#breadcrumb","itemListElement":[{"@type":"ListItem","position":1,"name":"\u041d\u0430\u0447\u0430\u043b\u043e","item":"https:\/\/akumplast.com\/ro\/"},{"@type":"ListItem","position":2,"name":"Productie","item":"https:\/\/akumplast.com\/ro\/productie\/"},{"@type":"ListItem","position":3,"name":"Navete din mase plastice","item":"https:\/\/akumplast.com\/ro\/productie\/navete-din-mase-plastice\/"},{"@type":"ListItem","position":4,"name":"Cutie de br\u00e2nz\u0103 &#8211; 5 l"}]},{"@type":"WebSite","@id":"https:\/\/akumplast.com\/#website","url":"https:\/\/akumplast.com\/","name":"Akumplast","description":"","publisher":{"@id":"https:\/\/akumplast.com\/#organization"},"potentialAction":[{"@type":"SearchAction","target":{"@type":"EntryPoint","urlTemplate":"https:\/\/akumplast.com\/?s={search_term_string}"},"query-input":{"@type":"PropertyValueSpecification","valueRequired":true,"valueName":"search_term_string"}}],"inLanguage":"ro-RO"},{"@type":"Organization","@id":"https:\/\/akumplast.com\/#organization","name":"Akumplast Jsc","url":"https:\/\/akumplast.com\/","logo":{"@type":"ImageObject","inLanguage":"ro-RO","@id":"https:\/\/akumplast.com\/#\/schema\/logo\/image\/","url":"https:\/\/akumplast.com\/wp-content\/uploads\/2023\/10\/cropped-Logo.png","contentUrl":"https:\/\/akumplast.com\/wp-content\/uploads\/2023\/10\/cropped-Logo.png","width":512,"height":512,"caption":"Akumplast Jsc"},"image":{"@id":"https:\/\/akumplast.com\/#\/schema\/logo\/image\/"}}]}},"_links":{"self":[{"href":"https:\/\/akumplast.com\/ro\/wp-json\/wp\/v2\/pages\/3120","targetHints":{"allow":["GET"]}}],"collection":[{"href":"https:\/\/akumplast.com\/ro\/wp-json\/wp\/v2\/pages"}],"about":[{"href":"https:\/\/akumplast.com\/ro\/wp-json\/wp\/v2\/types\/page"}],"author":[{"embeddable":true,"href":"https:\/\/akumplast.com\/ro\/wp-json\/wp\/v2\/users\/1"}],"replies":[{"embeddable":true,"href":"https:\/\/akumplast.com\/ro\/wp-json\/wp\/v2\/comments?post=3120"}],"version-history":[{"count":0,"href":"https:\/\/akumplast.com\/ro\/wp-json\/wp\/v2\/pages\/3120\/revisions"}],"up":[{"embeddable":true,"href":"https:\/\/akumplast.com\/ro\/wp-json\/wp\/v2\/pages\/3039"}],"wp:featuredmedia":[{"embeddable":true,"href":"https:\/\/akumplast.com\/ro\/wp-json\/wp\/v2\/media\/2691"}],"wp:attachment":[{"href":"https:\/\/akumplast.com\/ro\/wp-json\/wp\/v2\/media?parent=3120"}],"curies":[{"name":"wp","href":"https:\/\/api.w.org\/{rel}","templated":true}]}}