{"id":3060,"date":"2024-06-01T10:38:07","date_gmt":"2024-06-01T10:38:07","guid":{"rendered":"http:\/\/akum.com.dedivirt405.your-server.de\/productie\/navete-din-mase-plastice\/plastic-crates-for-transporting-live-birds-and-small-animals-1080x580x335mm\/"},"modified":"2024-06-18T09:51:53","modified_gmt":"2024-06-18T09:51:53","slug":"lazi-din-plastic-pentru-transportul-pasarilor-vii-si-animalelor-mici-1080x580x335mm","status":"publish","type":"page","link":"https:\/\/akumplast.com\/ro\/productie\/navete-din-mase-plastice\/lazi-din-plastic-pentru-transportul-pasarilor-vii-si-animalelor-mici-1080x580x335mm\/","title":{"rendered":"L\u0103zi din plastic pentru transportul p\u0103s\u0103rilor vii \u0219i animalelor mici &#8211; 1080x580x335mm"},"content":{"rendered":"<p>L\u0103zile sunt destinate transportului p\u0103s\u0103rilor vii \u0219i animalelor mici.<\/p>\n<p>Lungime: 1080 mm<br \/>\nLatime: 580 mm<br \/>\nInaltime: 335 mm<br \/>\nCapacitate de \u00eenc\u0103rcare nominal\u0103: 70 kg<\/p>\n<p>L\u0103zile sunt disponibile \u00een dou\u0103 tipuri de materiale polimerice:<br \/>\nI \u2013 polimer primar;<br \/>\nII \u2013 polimer reciclat.<\/p>\n","protected":false},"excerpt":{"rendered":"<p>L\u0103zile sunt destinate transportului p\u0103s\u0103rilor vii \u0219i animalelor mici. Lungime: 1080 mm Latime: 580 mm Inaltime: 335 mm Capacitate de \u00eenc\u0103rcare nominal\u0103: 70 kg L\u0103zile sunt disponibile \u00een dou\u0103 tipuri de materiale polimerice: I \u2013 polimer primar; II \u2013 polimer reciclat.<\/p>\n","protected":false},"author":1,"featured_media":2463,"parent":3039,"menu_order":0,"comment_status":"closed","ping_status":"closed","template":"","meta":{"_acf_changed":false,"_breakdance_hide_in_design_set":false,"_breakdance_tags":"","footnotes":""},"class_list":["post-3060","page","type-page","status-publish","has-post-thumbnail","hentry"],"acf":[],"yoast_head":"<!-- This site is optimized with the Yoast SEO plugin v24.3 - https:\/\/yoast.com\/wordpress\/plugins\/seo\/ -->\n<title>L\u0103zi din plastic pentru transportul p\u0103s\u0103rilor vii \u0219i animalelor mici - 1080x580x335mm - Akumplast website<\/title>\n<meta name=\"robots\" content=\"index, follow, max-snippet:-1, max-image-preview:large, max-video-preview:-1\" \/>\n<link rel=\"canonical\" href=\"https:\/\/akumplast.com\/ro\/productie\/navete-din-mase-plastice\/lazi-din-plastic-pentru-transportul-pasarilor-vii-si-animalelor-mici-1080x580x335mm\/\" \/>\n<meta property=\"og:locale\" content=\"ro_RO\" \/>\n<meta property=\"og:type\" content=\"article\" \/>\n<meta property=\"og:title\" content=\"L\u0103zi din plastic pentru transportul p\u0103s\u0103rilor vii \u0219i animalelor mici - 1080x580x335mm - Akumplast website\" \/>\n<meta property=\"og:description\" content=\"L\u0103zile sunt destinate transportului p\u0103s\u0103rilor vii \u0219i animalelor mici. Lungime: 1080 mm Latime: 580 mm Inaltime: 335 mm Capacitate de \u00eenc\u0103rcare nominal\u0103: 70 kg L\u0103zile sunt disponibile \u00een dou\u0103 tipuri de materiale polimerice: I \u2013 polimer primar; II \u2013 polimer reciclat.\" \/>\n<meta property=\"og:url\" content=\"https:\/\/akumplast.com\/ro\/productie\/navete-din-mase-plastice\/lazi-din-plastic-pentru-transportul-pasarilor-vii-si-animalelor-mici-1080x580x335mm\/\" \/>\n<meta property=\"og:site_name\" content=\"Akumplast website\" \/>\n<meta property=\"article:modified_time\" content=\"2024-06-18T09:51:53+00:00\" \/>\n<meta property=\"og:image\" content=\"https:\/\/akumplast.com\/wp-content\/uploads\/2023\/12\/Kasa_2.png\" \/>\n\t<meta property=\"og:image:width\" content=\"808\" \/>\n\t<meta property=\"og:image:height\" content=\"540\" \/>\n\t<meta property=\"og:image:type\" content=\"image\/png\" \/>\n<meta name=\"twitter:card\" content=\"summary_large_image\" \/>\n<script type=\"application\/ld+json\" class=\"yoast-schema-graph\">{\"@context\":\"https:\/\/schema.org\",\"@graph\":[{\"@type\":\"WebPage\",\"@id\":\"https:\/\/akumplast.com\/ro\/productie\/navete-din-mase-plastice\/lazi-din-plastic-pentru-transportul-pasarilor-vii-si-animalelor-mici-1080x580x335mm\/\",\"url\":\"https:\/\/akumplast.com\/ro\/productie\/navete-din-mase-plastice\/lazi-din-plastic-pentru-transportul-pasarilor-vii-si-animalelor-mici-1080x580x335mm\/\",\"name\":\"L\u0103zi din plastic pentru transportul p\u0103s\u0103rilor vii \u0219i animalelor mici - 1080x580x335mm - Akumplast website\",\"isPartOf\":{\"@id\":\"https:\/\/akumplast.com\/#website\"},\"primaryImageOfPage\":{\"@id\":\"https:\/\/akumplast.com\/ro\/productie\/navete-din-mase-plastice\/lazi-din-plastic-pentru-transportul-pasarilor-vii-si-animalelor-mici-1080x580x335mm\/#primaryimage\"},\"image\":{\"@id\":\"https:\/\/akumplast.com\/ro\/productie\/navete-din-mase-plastice\/lazi-din-plastic-pentru-transportul-pasarilor-vii-si-animalelor-mici-1080x580x335mm\/#primaryimage\"},\"thumbnailUrl\":\"https:\/\/akumplast.com\/wp-content\/uploads\/2023\/12\/Kasa_2.png\",\"datePublished\":\"2024-06-01T10:38:07+00:00\",\"dateModified\":\"2024-06-18T09:51:53+00:00\",\"breadcrumb\":{\"@id\":\"https:\/\/akumplast.com\/ro\/productie\/navete-din-mase-plastice\/lazi-din-plastic-pentru-transportul-pasarilor-vii-si-animalelor-mici-1080x580x335mm\/#breadcrumb\"},\"inLanguage\":\"ro-RO\",\"potentialAction\":[{\"@type\":\"ReadAction\",\"target\":[\"https:\/\/akumplast.com\/ro\/productie\/navete-din-mase-plastice\/lazi-din-plastic-pentru-transportul-pasarilor-vii-si-animalelor-mici-1080x580x335mm\/\"]}]},{\"@type\":\"ImageObject\",\"inLanguage\":\"ro-RO\",\"@id\":\"https:\/\/akumplast.com\/ro\/productie\/navete-din-mase-plastice\/lazi-din-plastic-pentru-transportul-pasarilor-vii-si-animalelor-mici-1080x580x335mm\/#primaryimage\",\"url\":\"https:\/\/akumplast.com\/wp-content\/uploads\/2023\/12\/Kasa_2.png\",\"contentUrl\":\"https:\/\/akumplast.com\/wp-content\/uploads\/2023\/12\/Kasa_2.png\",\"width\":808,\"height\":540},{\"@type\":\"BreadcrumbList\",\"@id\":\"https:\/\/akumplast.com\/ro\/productie\/navete-din-mase-plastice\/lazi-din-plastic-pentru-transportul-pasarilor-vii-si-animalelor-mici-1080x580x335mm\/#breadcrumb\",\"itemListElement\":[{\"@type\":\"ListItem\",\"position\":1,\"name\":\"\u041d\u0430\u0447\u0430\u043b\u043e\",\"item\":\"https:\/\/akumplast.com\/ro\/\"},{\"@type\":\"ListItem\",\"position\":2,\"name\":\"Productie\",\"item\":\"https:\/\/akumplast.com\/ro\/productie\/\"},{\"@type\":\"ListItem\",\"position\":3,\"name\":\"Navete din mase plastice\",\"item\":\"https:\/\/akumplast.com\/ro\/productie\/navete-din-mase-plastice\/\"},{\"@type\":\"ListItem\",\"position\":4,\"name\":\"L\u0103zi din plastic pentru transportul p\u0103s\u0103rilor vii \u0219i animalelor mici &#8211; 1080x580x335mm\"}]},{\"@type\":\"WebSite\",\"@id\":\"https:\/\/akumplast.com\/#website\",\"url\":\"https:\/\/akumplast.com\/\",\"name\":\"Akumplast\",\"description\":\"\",\"publisher\":{\"@id\":\"https:\/\/akumplast.com\/#organization\"},\"potentialAction\":[{\"@type\":\"SearchAction\",\"target\":{\"@type\":\"EntryPoint\",\"urlTemplate\":\"https:\/\/akumplast.com\/?s={search_term_string}\"},\"query-input\":{\"@type\":\"PropertyValueSpecification\",\"valueRequired\":true,\"valueName\":\"search_term_string\"}}],\"inLanguage\":\"ro-RO\"},{\"@type\":\"Organization\",\"@id\":\"https:\/\/akumplast.com\/#organization\",\"name\":\"Akumplast Jsc\",\"url\":\"https:\/\/akumplast.com\/\",\"logo\":{\"@type\":\"ImageObject\",\"inLanguage\":\"ro-RO\",\"@id\":\"https:\/\/akumplast.com\/#\/schema\/logo\/image\/\",\"url\":\"https:\/\/akumplast.com\/wp-content\/uploads\/2023\/10\/cropped-Logo.png\",\"contentUrl\":\"https:\/\/akumplast.com\/wp-content\/uploads\/2023\/10\/cropped-Logo.png\",\"width\":512,\"height\":512,\"caption\":\"Akumplast Jsc\"},\"image\":{\"@id\":\"https:\/\/akumplast.com\/#\/schema\/logo\/image\/\"}}]}<\/script>\n<!-- \/ Yoast SEO plugin. -->","yoast_head_json":{"title":"L\u0103zi din plastic pentru transportul p\u0103s\u0103rilor vii \u0219i animalelor mici - 1080x580x335mm - Akumplast website","robots":{"index":"index","follow":"follow","max-snippet":"max-snippet:-1","max-image-preview":"max-image-preview:large","max-video-preview":"max-video-preview:-1"},"canonical":"https:\/\/akumplast.com\/ro\/productie\/navete-din-mase-plastice\/lazi-din-plastic-pentru-transportul-pasarilor-vii-si-animalelor-mici-1080x580x335mm\/","og_locale":"ro_RO","og_type":"article","og_title":"L\u0103zi din plastic pentru transportul p\u0103s\u0103rilor vii \u0219i animalelor mici - 1080x580x335mm - Akumplast website","og_description":"L\u0103zile sunt destinate transportului p\u0103s\u0103rilor vii \u0219i animalelor mici. Lungime: 1080 mm Latime: 580 mm Inaltime: 335 mm Capacitate de \u00eenc\u0103rcare nominal\u0103: 70 kg L\u0103zile sunt disponibile \u00een dou\u0103 tipuri de materiale polimerice: I \u2013 polimer primar; II \u2013 polimer reciclat.","og_url":"https:\/\/akumplast.com\/ro\/productie\/navete-din-mase-plastice\/lazi-din-plastic-pentru-transportul-pasarilor-vii-si-animalelor-mici-1080x580x335mm\/","og_site_name":"Akumplast website","article_modified_time":"2024-06-18T09:51:53+00:00","og_image":[{"width":808,"height":540,"url":"https:\/\/akumplast.com\/wp-content\/uploads\/2023\/12\/Kasa_2.png","type":"image\/png"}],"twitter_card":"summary_large_image","schema":{"@context":"https:\/\/schema.org","@graph":[{"@type":"WebPage","@id":"https:\/\/akumplast.com\/ro\/productie\/navete-din-mase-plastice\/lazi-din-plastic-pentru-transportul-pasarilor-vii-si-animalelor-mici-1080x580x335mm\/","url":"https:\/\/akumplast.com\/ro\/productie\/navete-din-mase-plastice\/lazi-din-plastic-pentru-transportul-pasarilor-vii-si-animalelor-mici-1080x580x335mm\/","name":"L\u0103zi din plastic pentru transportul p\u0103s\u0103rilor vii \u0219i animalelor mici - 1080x580x335mm - Akumplast website","isPartOf":{"@id":"https:\/\/akumplast.com\/#website"},"primaryImageOfPage":{"@id":"https:\/\/akumplast.com\/ro\/productie\/navete-din-mase-plastice\/lazi-din-plastic-pentru-transportul-pasarilor-vii-si-animalelor-mici-1080x580x335mm\/#primaryimage"},"image":{"@id":"https:\/\/akumplast.com\/ro\/productie\/navete-din-mase-plastice\/lazi-din-plastic-pentru-transportul-pasarilor-vii-si-animalelor-mici-1080x580x335mm\/#primaryimage"},"thumbnailUrl":"https:\/\/akumplast.com\/wp-content\/uploads\/2023\/12\/Kasa_2.png","datePublished":"2024-06-01T10:38:07+00:00","dateModified":"2024-06-18T09:51:53+00:00","breadcrumb":{"@id":"https:\/\/akumplast.com\/ro\/productie\/navete-din-mase-plastice\/lazi-din-plastic-pentru-transportul-pasarilor-vii-si-animalelor-mici-1080x580x335mm\/#breadcrumb"},"inLanguage":"ro-RO","potentialAction":[{"@type":"ReadAction","target":["https:\/\/akumplast.com\/ro\/productie\/navete-din-mase-plastice\/lazi-din-plastic-pentru-transportul-pasarilor-vii-si-animalelor-mici-1080x580x335mm\/"]}]},{"@type":"ImageObject","inLanguage":"ro-RO","@id":"https:\/\/akumplast.com\/ro\/productie\/navete-din-mase-plastice\/lazi-din-plastic-pentru-transportul-pasarilor-vii-si-animalelor-mici-1080x580x335mm\/#primaryimage","url":"https:\/\/akumplast.com\/wp-content\/uploads\/2023\/12\/Kasa_2.png","contentUrl":"https:\/\/akumplast.com\/wp-content\/uploads\/2023\/12\/Kasa_2.png","width":808,"height":540},{"@type":"BreadcrumbList","@id":"https:\/\/akumplast.com\/ro\/productie\/navete-din-mase-plastice\/lazi-din-plastic-pentru-transportul-pasarilor-vii-si-animalelor-mici-1080x580x335mm\/#breadcrumb","itemListElement":[{"@type":"ListItem","position":1,"name":"\u041d\u0430\u0447\u0430\u043b\u043e","item":"https:\/\/akumplast.com\/ro\/"},{"@type":"ListItem","position":2,"name":"Productie","item":"https:\/\/akumplast.com\/ro\/productie\/"},{"@type":"ListItem","position":3,"name":"Navete din mase plastice","item":"https:\/\/akumplast.com\/ro\/productie\/navete-din-mase-plastice\/"},{"@type":"ListItem","position":4,"name":"L\u0103zi din plastic pentru transportul p\u0103s\u0103rilor vii \u0219i animalelor mici &#8211; 1080x580x335mm"}]},{"@type":"WebSite","@id":"https:\/\/akumplast.com\/#website","url":"https:\/\/akumplast.com\/","name":"Akumplast","description":"","publisher":{"@id":"https:\/\/akumplast.com\/#organization"},"potentialAction":[{"@type":"SearchAction","target":{"@type":"EntryPoint","urlTemplate":"https:\/\/akumplast.com\/?s={search_term_string}"},"query-input":{"@type":"PropertyValueSpecification","valueRequired":true,"valueName":"search_term_string"}}],"inLanguage":"ro-RO"},{"@type":"Organization","@id":"https:\/\/akumplast.com\/#organization","name":"Akumplast Jsc","url":"https:\/\/akumplast.com\/","logo":{"@type":"ImageObject","inLanguage":"ro-RO","@id":"https:\/\/akumplast.com\/#\/schema\/logo\/image\/","url":"https:\/\/akumplast.com\/wp-content\/uploads\/2023\/10\/cropped-Logo.png","contentUrl":"https:\/\/akumplast.com\/wp-content\/uploads\/2023\/10\/cropped-Logo.png","width":512,"height":512,"caption":"Akumplast Jsc"},"image":{"@id":"https:\/\/akumplast.com\/#\/schema\/logo\/image\/"}}]}},"_links":{"self":[{"href":"https:\/\/akumplast.com\/ro\/wp-json\/wp\/v2\/pages\/3060","targetHints":{"allow":["GET"]}}],"collection":[{"href":"https:\/\/akumplast.com\/ro\/wp-json\/wp\/v2\/pages"}],"about":[{"href":"https:\/\/akumplast.com\/ro\/wp-json\/wp\/v2\/types\/page"}],"author":[{"embeddable":true,"href":"https:\/\/akumplast.com\/ro\/wp-json\/wp\/v2\/users\/1"}],"replies":[{"embeddable":true,"href":"https:\/\/akumplast.com\/ro\/wp-json\/wp\/v2\/comments?post=3060"}],"version-history":[{"count":0,"href":"https:\/\/akumplast.com\/ro\/wp-json\/wp\/v2\/pages\/3060\/revisions"}],"up":[{"embeddable":true,"href":"https:\/\/akumplast.com\/ro\/wp-json\/wp\/v2\/pages\/3039"}],"wp:featuredmedia":[{"embeddable":true,"href":"https:\/\/akumplast.com\/ro\/wp-json\/wp\/v2\/media\/2463"}],"wp:attachment":[{"href":"https:\/\/akumplast.com\/ro\/wp-json\/wp\/v2\/media?parent=3060"}],"curies":[{"name":"wp","href":"https:\/\/api.w.org\/{rel}","templated":true}]}}