{"id":3058,"date":"2024-06-01T10:39:59","date_gmt":"2024-06-01T10:39:59","guid":{"rendered":"http:\/\/akum.com.dedivirt405.your-server.de\/productie\/navete-din-mase-plastice\/plastic-crates-for-storing-and-transporting-food-products-600x400x170mm\/"},"modified":"2024-06-05T12:00:27","modified_gmt":"2024-06-05T12:00:27","slug":"lazi-din-plastic-pentru-depozitarea-si-transportul-produselor-alimentare-600x400x170mm","status":"publish","type":"page","link":"https:\/\/akumplast.com\/ro\/productie\/navete-din-mase-plastice\/lazi-din-plastic-pentru-depozitarea-si-transportul-produselor-alimentare-600x400x170mm\/","title":{"rendered":"Lazi din plastic pentru depozitarea si transportul produselor alimentare &#8211; 600x400x170mm"},"content":{"rendered":"<p>L\u0103zile sunt concepute pentru depozitarea \u0219i transportul produselor alimentare.<\/p>\n<p>Lungime: 600 mm<br \/>\nLatime: 400 mm<br \/>\nInaltime: 170 mm<\/p>\n<p>Volum de lucru util: 40,8 l<br \/>\nCapacitate de \u00eenc\u0103rcare nominal\u0103: 15 kg<\/p>\n<p>L\u0103zile sunt disponibile \u00een dou\u0103 tipuri de material polimeric<br \/>\nI \u2013 polimer primar<br \/>\nII \u2013 polimer reciclat<\/p>\n<p>Cantitate pe europalet: 44<\/p>\n","protected":false},"excerpt":{"rendered":"<p>L\u0103zile sunt concepute pentru depozitarea \u0219i transportul produselor alimentare. Lungime: 600 mm Latime: 400 mm Inaltime: 170 mm Volum de lucru util: 40,8 l Capacitate de \u00eenc\u0103rcare nominal\u0103: 15 kg L\u0103zile sunt disponibile \u00een dou\u0103 tipuri de material polimeric I \u2013 polimer primar II \u2013 polimer reciclat Cantitate pe europalet: 44<\/p>\n","protected":false},"author":1,"featured_media":2465,"parent":3039,"menu_order":0,"comment_status":"closed","ping_status":"closed","template":"","meta":{"_acf_changed":false,"_breakdance_hide_in_design_set":false,"_breakdance_tags":"","footnotes":""},"class_list":["post-3058","page","type-page","status-publish","has-post-thumbnail","hentry"],"acf":[],"yoast_head":"<!-- This site is optimized with the Yoast SEO plugin v24.3 - https:\/\/yoast.com\/wordpress\/plugins\/seo\/ -->\n<title>Lazi din plastic pentru depozitarea si transportul produselor alimentare - 600x400x170mm - Akumplast website<\/title>\n<meta name=\"robots\" content=\"index, follow, max-snippet:-1, max-image-preview:large, max-video-preview:-1\" \/>\n<link rel=\"canonical\" href=\"https:\/\/akumplast.com\/ro\/productie\/navete-din-mase-plastice\/lazi-din-plastic-pentru-depozitarea-si-transportul-produselor-alimentare-600x400x170mm\/\" \/>\n<meta property=\"og:locale\" content=\"ro_RO\" \/>\n<meta property=\"og:type\" content=\"article\" \/>\n<meta property=\"og:title\" content=\"Lazi din plastic pentru depozitarea si transportul produselor alimentare - 600x400x170mm - Akumplast website\" \/>\n<meta property=\"og:description\" content=\"L\u0103zile sunt concepute pentru depozitarea \u0219i transportul produselor alimentare. Lungime: 600 mm Latime: 400 mm Inaltime: 170 mm Volum de lucru util: 40,8 l Capacitate de \u00eenc\u0103rcare nominal\u0103: 15 kg L\u0103zile sunt disponibile \u00een dou\u0103 tipuri de material polimeric I \u2013 polimer primar II \u2013 polimer reciclat Cantitate pe europalet: 44\" \/>\n<meta property=\"og:url\" content=\"https:\/\/akumplast.com\/ro\/productie\/navete-din-mase-plastice\/lazi-din-plastic-pentru-depozitarea-si-transportul-produselor-alimentare-600x400x170mm\/\" \/>\n<meta property=\"og:site_name\" content=\"Akumplast website\" \/>\n<meta property=\"article:modified_time\" content=\"2024-06-05T12:00:27+00:00\" \/>\n<meta property=\"og:image\" content=\"https:\/\/akumplast.com\/wp-content\/uploads\/2023\/12\/Kasa_1.png\" \/>\n\t<meta property=\"og:image:width\" content=\"870\" \/>\n\t<meta property=\"og:image:height\" content=\"580\" \/>\n\t<meta property=\"og:image:type\" content=\"image\/png\" \/>\n<meta name=\"twitter:card\" content=\"summary_large_image\" \/>\n<script type=\"application\/ld+json\" class=\"yoast-schema-graph\">{\"@context\":\"https:\/\/schema.org\",\"@graph\":[{\"@type\":\"WebPage\",\"@id\":\"https:\/\/akumplast.com\/ro\/productie\/navete-din-mase-plastice\/lazi-din-plastic-pentru-depozitarea-si-transportul-produselor-alimentare-600x400x170mm\/\",\"url\":\"https:\/\/akumplast.com\/ro\/productie\/navete-din-mase-plastice\/lazi-din-plastic-pentru-depozitarea-si-transportul-produselor-alimentare-600x400x170mm\/\",\"name\":\"Lazi din plastic pentru depozitarea si transportul produselor alimentare - 600x400x170mm - Akumplast website\",\"isPartOf\":{\"@id\":\"https:\/\/akumplast.com\/#website\"},\"primaryImageOfPage\":{\"@id\":\"https:\/\/akumplast.com\/ro\/productie\/navete-din-mase-plastice\/lazi-din-plastic-pentru-depozitarea-si-transportul-produselor-alimentare-600x400x170mm\/#primaryimage\"},\"image\":{\"@id\":\"https:\/\/akumplast.com\/ro\/productie\/navete-din-mase-plastice\/lazi-din-plastic-pentru-depozitarea-si-transportul-produselor-alimentare-600x400x170mm\/#primaryimage\"},\"thumbnailUrl\":\"https:\/\/akumplast.com\/wp-content\/uploads\/2023\/12\/Kasa_1.png\",\"datePublished\":\"2024-06-01T10:39:59+00:00\",\"dateModified\":\"2024-06-05T12:00:27+00:00\",\"breadcrumb\":{\"@id\":\"https:\/\/akumplast.com\/ro\/productie\/navete-din-mase-plastice\/lazi-din-plastic-pentru-depozitarea-si-transportul-produselor-alimentare-600x400x170mm\/#breadcrumb\"},\"inLanguage\":\"ro-RO\",\"potentialAction\":[{\"@type\":\"ReadAction\",\"target\":[\"https:\/\/akumplast.com\/ro\/productie\/navete-din-mase-plastice\/lazi-din-plastic-pentru-depozitarea-si-transportul-produselor-alimentare-600x400x170mm\/\"]}]},{\"@type\":\"ImageObject\",\"inLanguage\":\"ro-RO\",\"@id\":\"https:\/\/akumplast.com\/ro\/productie\/navete-din-mase-plastice\/lazi-din-plastic-pentru-depozitarea-si-transportul-produselor-alimentare-600x400x170mm\/#primaryimage\",\"url\":\"https:\/\/akumplast.com\/wp-content\/uploads\/2023\/12\/Kasa_1.png\",\"contentUrl\":\"https:\/\/akumplast.com\/wp-content\/uploads\/2023\/12\/Kasa_1.png\",\"width\":870,\"height\":580},{\"@type\":\"BreadcrumbList\",\"@id\":\"https:\/\/akumplast.com\/ro\/productie\/navete-din-mase-plastice\/lazi-din-plastic-pentru-depozitarea-si-transportul-produselor-alimentare-600x400x170mm\/#breadcrumb\",\"itemListElement\":[{\"@type\":\"ListItem\",\"position\":1,\"name\":\"\u041d\u0430\u0447\u0430\u043b\u043e\",\"item\":\"https:\/\/akumplast.com\/ro\/\"},{\"@type\":\"ListItem\",\"position\":2,\"name\":\"Productie\",\"item\":\"https:\/\/akumplast.com\/ro\/productie\/\"},{\"@type\":\"ListItem\",\"position\":3,\"name\":\"Navete din mase plastice\",\"item\":\"https:\/\/akumplast.com\/ro\/productie\/navete-din-mase-plastice\/\"},{\"@type\":\"ListItem\",\"position\":4,\"name\":\"Lazi din plastic pentru depozitarea si transportul produselor alimentare &#8211; 600x400x170mm\"}]},{\"@type\":\"WebSite\",\"@id\":\"https:\/\/akumplast.com\/#website\",\"url\":\"https:\/\/akumplast.com\/\",\"name\":\"Akumplast\",\"description\":\"\",\"publisher\":{\"@id\":\"https:\/\/akumplast.com\/#organization\"},\"potentialAction\":[{\"@type\":\"SearchAction\",\"target\":{\"@type\":\"EntryPoint\",\"urlTemplate\":\"https:\/\/akumplast.com\/?s={search_term_string}\"},\"query-input\":{\"@type\":\"PropertyValueSpecification\",\"valueRequired\":true,\"valueName\":\"search_term_string\"}}],\"inLanguage\":\"ro-RO\"},{\"@type\":\"Organization\",\"@id\":\"https:\/\/akumplast.com\/#organization\",\"name\":\"Akumplast Jsc\",\"url\":\"https:\/\/akumplast.com\/\",\"logo\":{\"@type\":\"ImageObject\",\"inLanguage\":\"ro-RO\",\"@id\":\"https:\/\/akumplast.com\/#\/schema\/logo\/image\/\",\"url\":\"https:\/\/akumplast.com\/wp-content\/uploads\/2023\/10\/cropped-Logo.png\",\"contentUrl\":\"https:\/\/akumplast.com\/wp-content\/uploads\/2023\/10\/cropped-Logo.png\",\"width\":512,\"height\":512,\"caption\":\"Akumplast Jsc\"},\"image\":{\"@id\":\"https:\/\/akumplast.com\/#\/schema\/logo\/image\/\"}}]}<\/script>\n<!-- \/ Yoast SEO plugin. -->","yoast_head_json":{"title":"Lazi din plastic pentru depozitarea si transportul produselor alimentare - 600x400x170mm - Akumplast website","robots":{"index":"index","follow":"follow","max-snippet":"max-snippet:-1","max-image-preview":"max-image-preview:large","max-video-preview":"max-video-preview:-1"},"canonical":"https:\/\/akumplast.com\/ro\/productie\/navete-din-mase-plastice\/lazi-din-plastic-pentru-depozitarea-si-transportul-produselor-alimentare-600x400x170mm\/","og_locale":"ro_RO","og_type":"article","og_title":"Lazi din plastic pentru depozitarea si transportul produselor alimentare - 600x400x170mm - Akumplast website","og_description":"L\u0103zile sunt concepute pentru depozitarea \u0219i transportul produselor alimentare. Lungime: 600 mm Latime: 400 mm Inaltime: 170 mm Volum de lucru util: 40,8 l Capacitate de \u00eenc\u0103rcare nominal\u0103: 15 kg L\u0103zile sunt disponibile \u00een dou\u0103 tipuri de material polimeric I \u2013 polimer primar II \u2013 polimer reciclat Cantitate pe europalet: 44","og_url":"https:\/\/akumplast.com\/ro\/productie\/navete-din-mase-plastice\/lazi-din-plastic-pentru-depozitarea-si-transportul-produselor-alimentare-600x400x170mm\/","og_site_name":"Akumplast website","article_modified_time":"2024-06-05T12:00:27+00:00","og_image":[{"width":870,"height":580,"url":"https:\/\/akumplast.com\/wp-content\/uploads\/2023\/12\/Kasa_1.png","type":"image\/png"}],"twitter_card":"summary_large_image","schema":{"@context":"https:\/\/schema.org","@graph":[{"@type":"WebPage","@id":"https:\/\/akumplast.com\/ro\/productie\/navete-din-mase-plastice\/lazi-din-plastic-pentru-depozitarea-si-transportul-produselor-alimentare-600x400x170mm\/","url":"https:\/\/akumplast.com\/ro\/productie\/navete-din-mase-plastice\/lazi-din-plastic-pentru-depozitarea-si-transportul-produselor-alimentare-600x400x170mm\/","name":"Lazi din plastic pentru depozitarea si transportul produselor alimentare - 600x400x170mm - Akumplast website","isPartOf":{"@id":"https:\/\/akumplast.com\/#website"},"primaryImageOfPage":{"@id":"https:\/\/akumplast.com\/ro\/productie\/navete-din-mase-plastice\/lazi-din-plastic-pentru-depozitarea-si-transportul-produselor-alimentare-600x400x170mm\/#primaryimage"},"image":{"@id":"https:\/\/akumplast.com\/ro\/productie\/navete-din-mase-plastice\/lazi-din-plastic-pentru-depozitarea-si-transportul-produselor-alimentare-600x400x170mm\/#primaryimage"},"thumbnailUrl":"https:\/\/akumplast.com\/wp-content\/uploads\/2023\/12\/Kasa_1.png","datePublished":"2024-06-01T10:39:59+00:00","dateModified":"2024-06-05T12:00:27+00:00","breadcrumb":{"@id":"https:\/\/akumplast.com\/ro\/productie\/navete-din-mase-plastice\/lazi-din-plastic-pentru-depozitarea-si-transportul-produselor-alimentare-600x400x170mm\/#breadcrumb"},"inLanguage":"ro-RO","potentialAction":[{"@type":"ReadAction","target":["https:\/\/akumplast.com\/ro\/productie\/navete-din-mase-plastice\/lazi-din-plastic-pentru-depozitarea-si-transportul-produselor-alimentare-600x400x170mm\/"]}]},{"@type":"ImageObject","inLanguage":"ro-RO","@id":"https:\/\/akumplast.com\/ro\/productie\/navete-din-mase-plastice\/lazi-din-plastic-pentru-depozitarea-si-transportul-produselor-alimentare-600x400x170mm\/#primaryimage","url":"https:\/\/akumplast.com\/wp-content\/uploads\/2023\/12\/Kasa_1.png","contentUrl":"https:\/\/akumplast.com\/wp-content\/uploads\/2023\/12\/Kasa_1.png","width":870,"height":580},{"@type":"BreadcrumbList","@id":"https:\/\/akumplast.com\/ro\/productie\/navete-din-mase-plastice\/lazi-din-plastic-pentru-depozitarea-si-transportul-produselor-alimentare-600x400x170mm\/#breadcrumb","itemListElement":[{"@type":"ListItem","position":1,"name":"\u041d\u0430\u0447\u0430\u043b\u043e","item":"https:\/\/akumplast.com\/ro\/"},{"@type":"ListItem","position":2,"name":"Productie","item":"https:\/\/akumplast.com\/ro\/productie\/"},{"@type":"ListItem","position":3,"name":"Navete din mase plastice","item":"https:\/\/akumplast.com\/ro\/productie\/navete-din-mase-plastice\/"},{"@type":"ListItem","position":4,"name":"Lazi din plastic pentru depozitarea si transportul produselor alimentare &#8211; 600x400x170mm"}]},{"@type":"WebSite","@id":"https:\/\/akumplast.com\/#website","url":"https:\/\/akumplast.com\/","name":"Akumplast","description":"","publisher":{"@id":"https:\/\/akumplast.com\/#organization"},"potentialAction":[{"@type":"SearchAction","target":{"@type":"EntryPoint","urlTemplate":"https:\/\/akumplast.com\/?s={search_term_string}"},"query-input":{"@type":"PropertyValueSpecification","valueRequired":true,"valueName":"search_term_string"}}],"inLanguage":"ro-RO"},{"@type":"Organization","@id":"https:\/\/akumplast.com\/#organization","name":"Akumplast Jsc","url":"https:\/\/akumplast.com\/","logo":{"@type":"ImageObject","inLanguage":"ro-RO","@id":"https:\/\/akumplast.com\/#\/schema\/logo\/image\/","url":"https:\/\/akumplast.com\/wp-content\/uploads\/2023\/10\/cropped-Logo.png","contentUrl":"https:\/\/akumplast.com\/wp-content\/uploads\/2023\/10\/cropped-Logo.png","width":512,"height":512,"caption":"Akumplast Jsc"},"image":{"@id":"https:\/\/akumplast.com\/#\/schema\/logo\/image\/"}}]}},"_links":{"self":[{"href":"https:\/\/akumplast.com\/ro\/wp-json\/wp\/v2\/pages\/3058","targetHints":{"allow":["GET"]}}],"collection":[{"href":"https:\/\/akumplast.com\/ro\/wp-json\/wp\/v2\/pages"}],"about":[{"href":"https:\/\/akumplast.com\/ro\/wp-json\/wp\/v2\/types\/page"}],"author":[{"embeddable":true,"href":"https:\/\/akumplast.com\/ro\/wp-json\/wp\/v2\/users\/1"}],"replies":[{"embeddable":true,"href":"https:\/\/akumplast.com\/ro\/wp-json\/wp\/v2\/comments?post=3058"}],"version-history":[{"count":0,"href":"https:\/\/akumplast.com\/ro\/wp-json\/wp\/v2\/pages\/3058\/revisions"}],"up":[{"embeddable":true,"href":"https:\/\/akumplast.com\/ro\/wp-json\/wp\/v2\/pages\/3039"}],"wp:featuredmedia":[{"embeddable":true,"href":"https:\/\/akumplast.com\/ro\/wp-json\/wp\/v2\/media\/2465"}],"wp:attachment":[{"href":"https:\/\/akumplast.com\/ro\/wp-json\/wp\/v2\/media?parent=3058"}],"curies":[{"name":"wp","href":"https:\/\/api.w.org\/{rel}","templated":true}]}}