{"id":3037,"date":"2023-10-27T20:26:32","date_gmt":"2023-10-27T20:26:32","guid":{"rendered":"http:\/\/akum.com.dedivirt405.your-server.de\/productie\/%d0%b8%d0%bd%d1%81%d1%82%d1%80%d1%83%d0%bc%d0%b5%d0%bd%d1%82%d0%b0%d0%bb%d0%bd%d0%b0-%d0%b5%d0%ba%d0%b8%d0%bf%d0%b8%d1%80%d0%be%d0%b2%d0%ba%d0%b0\/"},"modified":"2024-06-05T12:56:00","modified_gmt":"2024-06-05T12:56:00","slug":"construirea-al-echipamentului","status":"publish","type":"page","link":"https:\/\/akumplast.com\/ro\/productie\/construirea-al-echipamentului\/","title":{"rendered":"Construirea al echipamentului"},"content":{"rendered":"<section class=\"bde-section-3037-198 bde-section\">\n              \n  \n  \n\t    \n      <div class=\"section-background-video\">\n              <video\n          autoplay\n          muted\n                                loop\n                          >\n        <source src=\"https:\/\/akumplast.com\/wp-content\/uploads\/2024\/04\/akumplast.webm\" type=\"video\/webm\" \/>\n      <\/video>\n      <\/div>\n\n\n  <div class=\"section-background-overlay\"><\/div>\n\n\n<div class=\"section-container\"><div class=\"bde-div-3037-199 bde-div\">\n  \n  \n\t\n\n\n\n<div class=\"bde-div-3037-210 bde-div\" data-entrance=\"fade\">\n  \n  \n\t\n\n\n\n<h3 class=\"bde-heading-3037-211 bde-heading\">\nPRODUCTIE\n<\/h3><div class=\"bde-menu-3037-212 bde-menu\">\n\n\n      \n        \n    <nav class=\"breakdance-menu breakdance-menu--collapse breakdance-menu--vertical   \">\n    <button class=\"breakdance-menu-toggle breakdance-menu-toggle--squeeze\" type=\"button\" aria-label=\"Open Menu\" aria-expanded=\"false\" aria-controls=\"menu-212\">\n                  <span class=\"breakdance-menu-toggle-icon\">\n            <span class=\"breakdance-menu-toggle-lines\"><\/span>\n          <\/span>\n            <\/button>\n    \n  <ul class=\"breakdance-menu-list\" id=\"menu-212\">\n              \n  \n    <li class=\"breakdance-menu-item-3037-213 breakdance-menu-item\">\n        \n            \n            \n\n    \n    \n    \n    \n    \n    <a class=\"breakdance-link breakdance-menu-link\" href=\"https:\/\/akumplast.com\/ro\/productie\/navete-din-mase-plastice\/\" target=\"_self\" data-type=\"url\"  >\n  Navete din mase plastice\n    <\/a>\n\n<\/li><li class=\"breakdance-menu-item-3037-214 breakdance-menu-item\">\n        \n            \n            \n\n    \n    \n    \n    \n    \n    <a class=\"breakdance-link breakdance-menu-link\" href=\"https:\/\/akumplast.com\/ro\/productie\/carcase-pentru-baterii\/\" target=\"_self\" data-type=\"url\"  >\n  Carcase pentru baterii\n    <\/a>\n\n<\/li><li class=\"breakdance-menu-item-3037-215 breakdance-menu-item breakdance-menu-item--active\">\n        \n            \n            \n\n    \n    \n    \n    \n    \n    <a class=\"breakdance-link breakdance-menu-link\" href=\"https:\/\/akumplast.com\/ro\/productie\/construirea-al-echipamentului\/\" target=\"_self\" data-type=\"url\"  >\n  Construirea al echipamentului\n    <\/a>\n\n<\/li>\n  <\/ul>\n  <\/nav>\n\n\n<\/div>\n<\/div><div class=\"bde-div-3037-206 bde-div\">\n  \n  \n\t\n\n\n\n<h1 class=\"bde-heading-3037-207 bde-heading\">\nConstruirea al <br>echipamentului\n<\/h1><div class=\"bde-image-3037-208 bde-image\">\n<figure class=\"breakdance-image breakdance-image--810\">\n\t<div class=\"breakdance-image-container\">\n\t\t<div class=\"breakdance-image-clip\"><img loading=\"lazy\" decoding=\"async\" class=\"breakdance-image-object\" src=\"https:\/\/akumplast.com\/wp-content\/uploads\/2023\/12\/plastic-cases.webp\" width=\"535\" height=\"360\" srcset=\"https:\/\/akumplast.com\/wp-content\/uploads\/2023\/12\/plastic-cases.webp 535w, https:\/\/akumplast.com\/wp-content\/uploads\/2023\/12\/plastic-cases-300x202.webp 300w\" sizes=\"auto, (max-width: 535px) 100vw, 535px\"><\/div>\n\t<\/div><\/figure>\n\n<\/div>\n<\/div>\n<\/div><\/div>\n<\/section><section class=\"bde-section-3037-181 bde-section\">\n  \n  \n\t\n\n\n\n<div class=\"section-container\"><div class=\"bde-div-3037-182 bde-div\">\n  \n  \n\t\n\n\n\n<div class=\"bde-div-3037-183 bde-div\">\n  \n  \n\t\n\n\n\n<div class=\"bde-div-3037-209 bde-div\">\n  \n  \n\t\n\n\n\n<div class=\"bde-text-3037-191 bde-text\">\nAkumplast AD va fi partenerul dumneavoastr\u0103 corect \u00een implementarea proiectelor dumneavoastr\u0103, \u00eencep\u00e2nd de la modelarea 3D, trec\u00e2nd prin construc\u021bia \u0219i produc\u021bia de scule \u0219i termin\u00e2nd cu produc\u021bia piesei finale din plastic.\n<\/div><div class=\"bde-image-3037-192 bde-image\">\n<figure class=\"breakdance-image breakdance-image--553\">\n\t<div class=\"breakdance-image-container\">\n\t\t<div class=\"breakdance-image-clip\"><a class=\"breakdance-image-link breakdance-image-link--lightbox\" href=\"https:\/\/akumplast.com\/wp-content\/uploads\/2023\/11\/instrumentalna-ekipirovka-akumplast_1_.jpg\" target=\"_self\" rel=\"noopener\" data-sub-html=\"\" data-lg-size=\"-\"><img decoding=\"async\" class=\"breakdance-image-object\" src=\"https:\/\/akumplast.com\/wp-content\/uploads\/2023\/11\/instrumentalna-ekipirovka-akumplast_1_.jpg\" width=\"1024\" height=\"683\" srcset=\"https:\/\/akumplast.com\/wp-content\/uploads\/2023\/11\/instrumentalna-ekipirovka-akumplast_1_.jpg 1024w, https:\/\/akumplast.com\/wp-content\/uploads\/2023\/11\/instrumentalna-ekipirovka-akumplast_1_-300x200.jpg 300w, https:\/\/akumplast.com\/wp-content\/uploads\/2023\/11\/instrumentalna-ekipirovka-akumplast_1_-768x512.jpg 768w\" sizes=\"auto, (max-width: 1024px) 100vw, 1024px\" loading=\"lazy\"><\/a><\/div>\n\t<\/div><\/figure>\n\n<\/div><div class=\"bde-image-3037-193 bde-image\">\n<figure class=\"breakdance-image breakdance-image--563\">\n\t<div class=\"breakdance-image-container\">\n\t\t<div class=\"breakdance-image-clip\"><a class=\"breakdance-image-link breakdance-image-link--lightbox\" href=\"https:\/\/akumplast.com\/wp-content\/uploads\/2023\/11\/izrabotka_instrumentalna_ekipirovka_plastmasovi_produkti_zadanie_klient.jpg\" target=\"_self\" rel=\"noopener\" data-sub-html=\"\" data-lg-size=\"-\"><img decoding=\"async\" class=\"breakdance-image-object\" src=\"https:\/\/akumplast.com\/wp-content\/uploads\/2023\/12\/izrabotka_instrumentalna_ekipirovka_plastmasovi_produkti_zadanie_klient-355.jpg\" width=\"355\" height=\"237\" loading=\"lazy\"><\/a><\/div>\n\t<\/div><\/figure>\n\n<\/div><div class=\"bde-image-3037-194 bde-image\">\n<figure class=\"breakdance-image breakdance-image--562\">\n\t<div class=\"breakdance-image-container\">\n\t\t<div class=\"breakdance-image-clip\"><a class=\"breakdance-image-link breakdance-image-link--lightbox\" href=\"https:\/\/akumplast.com\/wp-content\/uploads\/2023\/11\/izrabotka_instrumentalna_ekipirovka_plastmasovi_produkti_zadanie_klient2.jpg\" target=\"_self\" rel=\"noopener\" data-sub-html=\"\" data-lg-size=\"-\"><img decoding=\"async\" class=\"breakdance-image-object\" src=\"https:\/\/akumplast.com\/wp-content\/uploads\/2023\/12\/izrabotka_instrumentalna_ekipirovka_plastmasovi_produkti_zadanie_klient2-461.jpg\" width=\"461\" height=\"307\" srcset=\"https:\/\/akumplast.com\/wp-content\/uploads\/2023\/11\/izrabotka_instrumentalna_ekipirovka_plastmasovi_produkti_zadanie_klient2.jpg 1000w, https:\/\/akumplast.com\/wp-content\/uploads\/2023\/11\/izrabotka_instrumentalna_ekipirovka_plastmasovi_produkti_zadanie_klient2-300x200.jpg 300w, https:\/\/akumplast.com\/wp-content\/uploads\/2023\/11\/izrabotka_instrumentalna_ekipirovka_plastmasovi_produkti_zadanie_klient2-768x512.jpg 768w\" sizes=\"auto, (max-width: 1000px) 100vw, 1000px\" loading=\"lazy\"><\/a><\/div>\n\t<\/div><\/figure>\n\n<\/div><div class=\"bde-image-3037-195 bde-image\">\n<figure class=\"breakdance-image breakdance-image--825\">\n\t<div class=\"breakdance-image-container\">\n\t\t<div class=\"breakdance-image-clip\"><a class=\"breakdance-image-link breakdance-image-link--lightbox\" href=\"https:\/\/akumplast.com\/wp-content\/uploads\/2023\/12\/izrabotvane-na-instrumentalna-ekipirovka.webp\" target=\"_self\" rel=\"noopener\" data-sub-html=\"\" data-lg-size=\"-\"><img decoding=\"async\" class=\"breakdance-image-object\" src=\"https:\/\/akumplast.com\/wp-content\/uploads\/2023\/12\/izrabotvane-na-instrumentalna-ekipirovka-485.webp\" width=\"485\" height=\"287\" srcset=\"https:\/\/akumplast.com\/wp-content\/uploads\/2023\/12\/izrabotvane-na-instrumentalna-ekipirovka.webp 1658w, https:\/\/akumplast.com\/wp-content\/uploads\/2023\/12\/izrabotvane-na-instrumentalna-ekipirovka-300x178.webp 300w, https:\/\/akumplast.com\/wp-content\/uploads\/2023\/12\/izrabotvane-na-instrumentalna-ekipirovka-1024x606.webp 1024w, https:\/\/akumplast.com\/wp-content\/uploads\/2023\/12\/izrabotvane-na-instrumentalna-ekipirovka-768x454.webp 768w, https:\/\/akumplast.com\/wp-content\/uploads\/2023\/12\/izrabotvane-na-instrumentalna-ekipirovka-1536x909.webp 1536w\" sizes=\"auto, (max-width: 1658px) 100vw, 1658px\" loading=\"lazy\"><\/a><\/div>\n\t<\/div><\/figure>\n\n<\/div><div class=\"bde-image-3037-196 bde-image\">\n<figure class=\"breakdance-image breakdance-image--822\">\n\t<div class=\"breakdance-image-container\">\n\t\t<div class=\"breakdance-image-clip\"><a class=\"breakdance-image-link breakdance-image-link--lightbox\" href=\"https:\/\/akumplast.com\/wp-content\/uploads\/2023\/12\/proektirane-na-instrumentalna-ekipirovka.webp\" target=\"_self\" rel=\"noopener\" data-sub-html=\"\" data-lg-size=\"-\"><img decoding=\"async\" class=\"breakdance-image-object\" src=\"https:\/\/akumplast.com\/wp-content\/uploads\/2023\/12\/proektirane-na-instrumentalna-ekipirovka-352.webp\" width=\"352\" height=\"210\" srcset=\"https:\/\/akumplast.com\/wp-content\/uploads\/2023\/12\/proektirane-na-instrumentalna-ekipirovka.webp 1577w, https:\/\/akumplast.com\/wp-content\/uploads\/2023\/12\/proektirane-na-instrumentalna-ekipirovka-300x179.webp 300w, https:\/\/akumplast.com\/wp-content\/uploads\/2023\/12\/proektirane-na-instrumentalna-ekipirovka-1024x610.webp 1024w, https:\/\/akumplast.com\/wp-content\/uploads\/2023\/12\/proektirane-na-instrumentalna-ekipirovka-768x457.webp 768w, https:\/\/akumplast.com\/wp-content\/uploads\/2023\/12\/proektirane-na-instrumentalna-ekipirovka-1536x915.webp 1536w\" sizes=\"auto, (max-width: 1577px) 100vw, 1577px\" loading=\"lazy\"><\/a><\/div>\n\t<\/div><\/figure>\n\n<\/div>\n<\/div>\n<\/div>\n<\/div><\/div>\n<\/section><div class=\"bde-globalblock-3037-190 bde-globalblock\">\n\n<\/div>","protected":false},"excerpt":{"rendered":"<p>PRODUCTIE Navete din mase plastice Carcase pentru baterii Construirea al echipamentului Construirea al echipamentului Akumplast AD va fi partenerul dumneavoastr\u0103 corect \u00een implementarea proiectelor dumneavoastr\u0103, \u00eencep\u00e2nd de la modelarea 3D, trec\u00e2nd prin construc\u021bia \u0219i produc\u021bia de scule \u0219i termin\u00e2nd cu produc\u021bia piesei finale din plastic.<\/p>\n","protected":false},"author":1,"featured_media":0,"parent":3025,"menu_order":0,"comment_status":"closed","ping_status":"closed","template":"","meta":{"_acf_changed":false,"_breakdance_hide_in_design_set":false,"_breakdance_tags":"","footnotes":""},"class_list":["post-3037","page","type-page","status-publish","hentry"],"acf":[],"yoast_head":"<!-- This site is optimized with the Yoast SEO plugin v24.3 - https:\/\/yoast.com\/wordpress\/plugins\/seo\/ -->\n<title>Construirea al echipamentului - Akumplast website<\/title>\n<meta name=\"robots\" content=\"index, follow, max-snippet:-1, max-image-preview:large, max-video-preview:-1\" \/>\n<link rel=\"canonical\" href=\"https:\/\/akumplast.com\/\u043f\u0440\u043e\u0434\u0443\u043a\u0442\u0438\/\u0438\u043d\u0441\u0442\u0440\u0443\u043c\u0435\u043d\u0442\u0430\u043b\u043d\u0430-\u0435\u043a\u0438\u043f\u0438\u0440\u043e\u0432\u043a\u0430\/\" \/>\n<meta property=\"og:locale\" content=\"ro_RO\" \/>\n<meta property=\"og:type\" content=\"article\" \/>\n<meta property=\"og:title\" content=\"Construirea al echipamentului - Akumplast website\" \/>\n<meta property=\"og:description\" content=\"PRODUCTIE Navete din mase plastice Carcase pentru baterii Construirea al echipamentului Construirea al echipamentului Akumplast AD va fi partenerul dumneavoastr\u0103 corect \u00een implementarea proiectelor dumneavoastr\u0103, \u00eencep\u00e2nd de la modelarea 3D, trec\u00e2nd prin construc\u021bia \u0219i produc\u021bia de scule \u0219i termin\u00e2nd cu produc\u021bia piesei finale din plastic.\" \/>\n<meta property=\"og:url\" content=\"https:\/\/akumplast.com\/\u043f\u0440\u043e\u0434\u0443\u043a\u0442\u0438\/\u0438\u043d\u0441\u0442\u0440\u0443\u043c\u0435\u043d\u0442\u0430\u043b\u043d\u0430-\u0435\u043a\u0438\u043f\u0438\u0440\u043e\u0432\u043a\u0430\/\" \/>\n<meta property=\"og:site_name\" content=\"Akumplast website\" \/>\n<meta property=\"article:modified_time\" content=\"2024-06-05T12:56:00+00:00\" \/>\n<meta name=\"twitter:card\" content=\"summary_large_image\" \/>\n<script type=\"application\/ld+json\" class=\"yoast-schema-graph\">{\"@context\":\"https:\/\/schema.org\",\"@graph\":[{\"@type\":\"WebPage\",\"@id\":\"https:\/\/akumplast.com\/%d0%bf%d1%80%d0%be%d0%b4%d1%83%d0%ba%d1%82%d0%b8\/%d0%b8%d0%bd%d1%81%d1%82%d1%80%d1%83%d0%bc%d0%b5%d0%bd%d1%82%d0%b0%d0%bb%d0%bd%d0%b0-%d0%b5%d0%ba%d0%b8%d0%bf%d0%b8%d1%80%d0%be%d0%b2%d0%ba%d0%b0\/\",\"url\":\"https:\/\/akumplast.com\/%d0%bf%d1%80%d0%be%d0%b4%d1%83%d0%ba%d1%82%d0%b8\/%d0%b8%d0%bd%d1%81%d1%82%d1%80%d1%83%d0%bc%d0%b5%d0%bd%d1%82%d0%b0%d0%bb%d0%bd%d0%b0-%d0%b5%d0%ba%d0%b8%d0%bf%d0%b8%d1%80%d0%be%d0%b2%d0%ba%d0%b0\/\",\"name\":\"Construirea al echipamentului - Akumplast website\",\"isPartOf\":{\"@id\":\"https:\/\/akumplast.com\/#website\"},\"datePublished\":\"2023-10-27T20:26:32+00:00\",\"dateModified\":\"2024-06-05T12:56:00+00:00\",\"breadcrumb\":{\"@id\":\"https:\/\/akumplast.com\/%d0%bf%d1%80%d0%be%d0%b4%d1%83%d0%ba%d1%82%d0%b8\/%d0%b8%d0%bd%d1%81%d1%82%d1%80%d1%83%d0%bc%d0%b5%d0%bd%d1%82%d0%b0%d0%bb%d0%bd%d0%b0-%d0%b5%d0%ba%d0%b8%d0%bf%d0%b8%d1%80%d0%be%d0%b2%d0%ba%d0%b0\/#breadcrumb\"},\"inLanguage\":\"ro-RO\",\"potentialAction\":[{\"@type\":\"ReadAction\",\"target\":[\"https:\/\/akumplast.com\/%d0%bf%d1%80%d0%be%d0%b4%d1%83%d0%ba%d1%82%d0%b8\/%d0%b8%d0%bd%d1%81%d1%82%d1%80%d1%83%d0%bc%d0%b5%d0%bd%d1%82%d0%b0%d0%bb%d0%bd%d0%b0-%d0%b5%d0%ba%d0%b8%d0%bf%d0%b8%d1%80%d0%be%d0%b2%d0%ba%d0%b0\/\"]}]},{\"@type\":\"BreadcrumbList\",\"@id\":\"https:\/\/akumplast.com\/%d0%bf%d1%80%d0%be%d0%b4%d1%83%d0%ba%d1%82%d0%b8\/%d0%b8%d0%bd%d1%81%d1%82%d1%80%d1%83%d0%bc%d0%b5%d0%bd%d1%82%d0%b0%d0%bb%d0%bd%d0%b0-%d0%b5%d0%ba%d0%b8%d0%bf%d0%b8%d1%80%d0%be%d0%b2%d0%ba%d0%b0\/#breadcrumb\",\"itemListElement\":[{\"@type\":\"ListItem\",\"position\":1,\"name\":\"\u041d\u0430\u0447\u0430\u043b\u043e\",\"item\":\"https:\/\/akumplast.com\/ro\/\"},{\"@type\":\"ListItem\",\"position\":2,\"name\":\"Productie\",\"item\":\"https:\/\/akumplast.com\/ro\/productie\/\"},{\"@type\":\"ListItem\",\"position\":3,\"name\":\"Construirea al echipamentului\"}]},{\"@type\":\"WebSite\",\"@id\":\"https:\/\/akumplast.com\/#website\",\"url\":\"https:\/\/akumplast.com\/\",\"name\":\"Akumplast\",\"description\":\"\",\"publisher\":{\"@id\":\"https:\/\/akumplast.com\/#organization\"},\"potentialAction\":[{\"@type\":\"SearchAction\",\"target\":{\"@type\":\"EntryPoint\",\"urlTemplate\":\"https:\/\/akumplast.com\/?s={search_term_string}\"},\"query-input\":{\"@type\":\"PropertyValueSpecification\",\"valueRequired\":true,\"valueName\":\"search_term_string\"}}],\"inLanguage\":\"ro-RO\"},{\"@type\":\"Organization\",\"@id\":\"https:\/\/akumplast.com\/#organization\",\"name\":\"Akumplast Jsc\",\"url\":\"https:\/\/akumplast.com\/\",\"logo\":{\"@type\":\"ImageObject\",\"inLanguage\":\"ro-RO\",\"@id\":\"https:\/\/akumplast.com\/#\/schema\/logo\/image\/\",\"url\":\"https:\/\/akumplast.com\/wp-content\/uploads\/2023\/10\/cropped-Logo.png\",\"contentUrl\":\"https:\/\/akumplast.com\/wp-content\/uploads\/2023\/10\/cropped-Logo.png\",\"width\":512,\"height\":512,\"caption\":\"Akumplast Jsc\"},\"image\":{\"@id\":\"https:\/\/akumplast.com\/#\/schema\/logo\/image\/\"}}]}<\/script>\n<!-- \/ Yoast SEO plugin. -->","yoast_head_json":{"title":"Construirea al echipamentului - Akumplast website","robots":{"index":"index","follow":"follow","max-snippet":"max-snippet:-1","max-image-preview":"max-image-preview:large","max-video-preview":"max-video-preview:-1"},"canonical":"https:\/\/akumplast.com\/\u043f\u0440\u043e\u0434\u0443\u043a\u0442\u0438\/\u0438\u043d\u0441\u0442\u0440\u0443\u043c\u0435\u043d\u0442\u0430\u043b\u043d\u0430-\u0435\u043a\u0438\u043f\u0438\u0440\u043e\u0432\u043a\u0430\/","og_locale":"ro_RO","og_type":"article","og_title":"Construirea al echipamentului - Akumplast website","og_description":"PRODUCTIE Navete din mase plastice Carcase pentru baterii Construirea al echipamentului Construirea al echipamentului Akumplast AD va fi partenerul dumneavoastr\u0103 corect \u00een implementarea proiectelor dumneavoastr\u0103, \u00eencep\u00e2nd de la modelarea 3D, trec\u00e2nd prin construc\u021bia \u0219i produc\u021bia de scule \u0219i termin\u00e2nd cu produc\u021bia piesei finale din plastic.","og_url":"https:\/\/akumplast.com\/\u043f\u0440\u043e\u0434\u0443\u043a\u0442\u0438\/\u0438\u043d\u0441\u0442\u0440\u0443\u043c\u0435\u043d\u0442\u0430\u043b\u043d\u0430-\u0435\u043a\u0438\u043f\u0438\u0440\u043e\u0432\u043a\u0430\/","og_site_name":"Akumplast website","article_modified_time":"2024-06-05T12:56:00+00:00","twitter_card":"summary_large_image","schema":{"@context":"https:\/\/schema.org","@graph":[{"@type":"WebPage","@id":"https:\/\/akumplast.com\/%d0%bf%d1%80%d0%be%d0%b4%d1%83%d0%ba%d1%82%d0%b8\/%d0%b8%d0%bd%d1%81%d1%82%d1%80%d1%83%d0%bc%d0%b5%d0%bd%d1%82%d0%b0%d0%bb%d0%bd%d0%b0-%d0%b5%d0%ba%d0%b8%d0%bf%d0%b8%d1%80%d0%be%d0%b2%d0%ba%d0%b0\/","url":"https:\/\/akumplast.com\/%d0%bf%d1%80%d0%be%d0%b4%d1%83%d0%ba%d1%82%d0%b8\/%d0%b8%d0%bd%d1%81%d1%82%d1%80%d1%83%d0%bc%d0%b5%d0%bd%d1%82%d0%b0%d0%bb%d0%bd%d0%b0-%d0%b5%d0%ba%d0%b8%d0%bf%d0%b8%d1%80%d0%be%d0%b2%d0%ba%d0%b0\/","name":"Construirea al echipamentului - Akumplast website","isPartOf":{"@id":"https:\/\/akumplast.com\/#website"},"datePublished":"2023-10-27T20:26:32+00:00","dateModified":"2024-06-05T12:56:00+00:00","breadcrumb":{"@id":"https:\/\/akumplast.com\/%d0%bf%d1%80%d0%be%d0%b4%d1%83%d0%ba%d1%82%d0%b8\/%d0%b8%d0%bd%d1%81%d1%82%d1%80%d1%83%d0%bc%d0%b5%d0%bd%d1%82%d0%b0%d0%bb%d0%bd%d0%b0-%d0%b5%d0%ba%d0%b8%d0%bf%d0%b8%d1%80%d0%be%d0%b2%d0%ba%d0%b0\/#breadcrumb"},"inLanguage":"ro-RO","potentialAction":[{"@type":"ReadAction","target":["https:\/\/akumplast.com\/%d0%bf%d1%80%d0%be%d0%b4%d1%83%d0%ba%d1%82%d0%b8\/%d0%b8%d0%bd%d1%81%d1%82%d1%80%d1%83%d0%bc%d0%b5%d0%bd%d1%82%d0%b0%d0%bb%d0%bd%d0%b0-%d0%b5%d0%ba%d0%b8%d0%bf%d0%b8%d1%80%d0%be%d0%b2%d0%ba%d0%b0\/"]}]},{"@type":"BreadcrumbList","@id":"https:\/\/akumplast.com\/%d0%bf%d1%80%d0%be%d0%b4%d1%83%d0%ba%d1%82%d0%b8\/%d0%b8%d0%bd%d1%81%d1%82%d1%80%d1%83%d0%bc%d0%b5%d0%bd%d1%82%d0%b0%d0%bb%d0%bd%d0%b0-%d0%b5%d0%ba%d0%b8%d0%bf%d0%b8%d1%80%d0%be%d0%b2%d0%ba%d0%b0\/#breadcrumb","itemListElement":[{"@type":"ListItem","position":1,"name":"\u041d\u0430\u0447\u0430\u043b\u043e","item":"https:\/\/akumplast.com\/ro\/"},{"@type":"ListItem","position":2,"name":"Productie","item":"https:\/\/akumplast.com\/ro\/productie\/"},{"@type":"ListItem","position":3,"name":"Construirea al echipamentului"}]},{"@type":"WebSite","@id":"https:\/\/akumplast.com\/#website","url":"https:\/\/akumplast.com\/","name":"Akumplast","description":"","publisher":{"@id":"https:\/\/akumplast.com\/#organization"},"potentialAction":[{"@type":"SearchAction","target":{"@type":"EntryPoint","urlTemplate":"https:\/\/akumplast.com\/?s={search_term_string}"},"query-input":{"@type":"PropertyValueSpecification","valueRequired":true,"valueName":"search_term_string"}}],"inLanguage":"ro-RO"},{"@type":"Organization","@id":"https:\/\/akumplast.com\/#organization","name":"Akumplast Jsc","url":"https:\/\/akumplast.com\/","logo":{"@type":"ImageObject","inLanguage":"ro-RO","@id":"https:\/\/akumplast.com\/#\/schema\/logo\/image\/","url":"https:\/\/akumplast.com\/wp-content\/uploads\/2023\/10\/cropped-Logo.png","contentUrl":"https:\/\/akumplast.com\/wp-content\/uploads\/2023\/10\/cropped-Logo.png","width":512,"height":512,"caption":"Akumplast Jsc"},"image":{"@id":"https:\/\/akumplast.com\/#\/schema\/logo\/image\/"}}]}},"_links":{"self":[{"href":"https:\/\/akumplast.com\/ro\/wp-json\/wp\/v2\/pages\/3037","targetHints":{"allow":["GET"]}}],"collection":[{"href":"https:\/\/akumplast.com\/ro\/wp-json\/wp\/v2\/pages"}],"about":[{"href":"https:\/\/akumplast.com\/ro\/wp-json\/wp\/v2\/types\/page"}],"author":[{"embeddable":true,"href":"https:\/\/akumplast.com\/ro\/wp-json\/wp\/v2\/users\/1"}],"replies":[{"embeddable":true,"href":"https:\/\/akumplast.com\/ro\/wp-json\/wp\/v2\/comments?post=3037"}],"version-history":[{"count":0,"href":"https:\/\/akumplast.com\/ro\/wp-json\/wp\/v2\/pages\/3037\/revisions"}],"up":[{"embeddable":true,"href":"https:\/\/akumplast.com\/ro\/wp-json\/wp\/v2\/pages\/3025"}],"wp:attachment":[{"href":"https:\/\/akumplast.com\/ro\/wp-json\/wp\/v2\/media?parent=3037"}],"curies":[{"name":"wp","href":"https:\/\/api.w.org\/{rel}","templated":true}]}}