{"id":3033,"date":"2023-10-14T12:13:01","date_gmt":"2023-10-14T12:13:01","guid":{"rendered":"http:\/\/akum.com.dedivirt405.your-server.de\/home_page\/"},"modified":"2024-06-17T14:21:23","modified_gmt":"2024-06-17T14:21:23","slug":"principala","status":"publish","type":"page","link":"https:\/\/akumplast.com\/ro\/","title":{"rendered":"Principala"},"content":{"rendered":"<section class=\"bde-section-3033-112 bde-section\">\n              \n  \n  \n\t    \n      <div class=\"section-background-video\">\n              <video\n          autoplay\n          muted\n                      playsinline\n                                loop\n                          >\n        <source src=\"https:\/\/akumplast.com\/wp-content\/uploads\/2024\/04\/akumplast.webm\" type=\"video\/webm\" \/>\n      <\/video>\n      <\/div>\n\n\n  <div class=\"section-background-overlay\"><\/div>\n\n\n<div class=\"section-container\"><div class=\"bde-columns-3033-114 bde-columns\"><div class=\"bde-column-3033-115 bde-column\">\n  \n  \n\t\n\n\n\n<div class=\"bde-wp-menu-3033-129 bde-wp-menu home-menu\">\n\n\n      \n        \n    <nav class=\"breakdance-menu breakdance-menu--collapse breakdance-menu--vertical   \">\n    <button class=\"breakdance-menu-toggle breakdance-menu-toggle--squeeze\" type=\"button\" aria-label=\"Open Menu\" aria-expanded=\"false\" aria-controls=\"menu-129\">\n                  <span class=\"breakdance-menu-toggle-icon\">\n            <span class=\"breakdance-menu-toggle-lines\"><\/span>\n          <\/span>\n            <\/button>\n    \n  <ul class=\"breakdance-menu-list\" id=\"menu-129\">\n              \n  \n    <li id=\"menu-item-3073\" class=\"menu-item menu-item-type-post_type menu-item-object-page menu-item-home menu-item-3073 breakdance-menu-item\"><a href=\"https:\/\/akumplast.com\/ro\/\" class=\"breakdance-menu-link\">Principala<\/a><\/li>\n<li id=\"menu-item-3074\" class=\"menu-item menu-item-type-post_type menu-item-object-page menu-item-3074 breakdance-menu-item\"><a href=\"https:\/\/akumplast.com\/ro\/pentru-noi\/\" class=\"breakdance-menu-link\">Pentru noi<\/a><\/li>\n<li id=\"menu-item-3075\" class=\"menu-item menu-item-type-post_type menu-item-object-page menu-item-3075 breakdance-menu-item\"><a href=\"https:\/\/akumplast.com\/ro\/productie\/navete-din-mase-plastice\/\" class=\"breakdance-menu-link\">Productie<\/a><\/li>\n<li id=\"menu-item-3076\" class=\"menu-item menu-item-type-post_type menu-item-object-page menu-item-3076 breakdance-menu-item\"><a href=\"https:\/\/akumplast.com\/ro\/reciclare\/\" class=\"breakdance-menu-link\">Reciclare<\/a><\/li>\n<li id=\"menu-item-3077\" class=\"menu-item menu-item-type-post_type menu-item-object-page menu-item-3077 breakdance-menu-item\"><a href=\"https:\/\/akumplast.com\/ro\/relatii\/\" class=\"breakdance-menu-link\">Rela\u021bii<\/a><\/li>\n<li id=\"menu-item-3078\" class=\"menu-item menu-item-type-post_type menu-item-object-page menu-item-3078 breakdance-menu-item\"><a href=\"https:\/\/akumplast.com\/ro\/contacte\/\" class=\"breakdance-menu-link\">Contacte<\/a><\/li>\n<li id=\"menu-item-wpml-ls-2-bg\" class=\"menu-item wpml-ls-slot-2 wpml-ls-item wpml-ls-item-bg wpml-ls-menu-item wpml-ls-first-item menu-item-type-wpml_ls_menu_item menu-item-object-wpml_ls_menu_item menu-item-wpml-ls-2-bg breakdance-menu-item\"><a href=\"https:\/\/akumplast.com\/\" class=\"breakdance-menu-link\"><img decoding=\"async\"\n            class=\"wpml-ls-flag\"\n            src=\"https:\/\/akumplast.com\/wp-content\/plugins\/sitepress-multilingual-cms\/res\/flags\/bg.svg\"\n            alt=\"Bulgar\u0103\"\n            \n            \n    \/><\/a><\/li>\n<li id=\"menu-item-wpml-ls-2-en\" class=\"menu-item wpml-ls-slot-2 wpml-ls-item wpml-ls-item-en wpml-ls-menu-item menu-item-type-wpml_ls_menu_item menu-item-object-wpml_ls_menu_item menu-item-wpml-ls-2-en breakdance-menu-item\"><a href=\"https:\/\/akumplast.com\/en\/\" class=\"breakdance-menu-link\"><img decoding=\"async\"\n            class=\"wpml-ls-flag\"\n            src=\"https:\/\/akumplast.com\/wp-content\/plugins\/sitepress-multilingual-cms\/res\/flags\/en.svg\"\n            alt=\"Englez\u0103\"\n            \n            \n    \/><\/a><\/li>\n<li id=\"menu-item-wpml-ls-2-ro\" class=\"menu-item wpml-ls-slot-2 wpml-ls-item wpml-ls-item-ro wpml-ls-current-language wpml-ls-menu-item wpml-ls-last-item menu-item-type-wpml_ls_menu_item menu-item-object-wpml_ls_menu_item menu-item-wpml-ls-2-ro breakdance-menu-item\"><a href=\"https:\/\/akumplast.com\/ro\/\" class=\"breakdance-menu-link\"><img decoding=\"async\"\n            class=\"wpml-ls-flag\"\n            src=\"https:\/\/akumplast.com\/wp-content\/plugins\/sitepress-multilingual-cms\/res\/flags\/ro.svg\"\n            alt=\"Rom\u00e2n\u0103\"\n            \n            \n    \/><\/a><\/li>\n\n  <\/ul>\n  <\/nav>\n\n\n<\/div><a id=\"contact-form-show\" class=\"bde-container-link-3033-213 bde-container-link contact-form-show breakdance-link\" href=\"#\" target=\"_self\">\n  \n  \n\t\n\n\n\n<div class=\"bde-div-3033-209 bde-div\">\n  \n  \n\t\n\n\n\n<div class=\"bde-video-3033-210 bde-video\">\n<div class=\"ee-video-container\">\n            <video class=\"ee-video\" src=\"https:\/\/akumplast.com\/wp-content\/uploads\/2024\/05\/Sequence-01.webm\"\n               autoplay='true'                                                loop='true'                muted='true'                controlsList=\"nodownload\"                playsinline\n        >\n        <\/video>\n    \n    <\/div>\n\n<\/div><div class=\"bde-text-3033-212 bde-text\">\nANCHET\u0102<br>PENTRU OFERTA\n<\/div>\n<\/div>\n\n<\/a>\n<\/div><div class=\"bde-column-3033-116 bde-column\">\n  \n  \n\t\n\n\n\n<div class=\"bde-basicslider-3033-208 bde-basicslider\">\n<div class=\"breakdance-swiper-wrapper\" data-swiper-id=\"208\">\n    <div class=\"swiper\">\n      <div class=\"swiper-wrapper\">\n      \n\t                    \n        <div class=\"swiper-slide\">\n          <div class=\"bde-basicslider__slide\">\n              <div class=\"bde-basicslider__content\">\n                                    <div class=\"bde-basicslider__text\">\n              <p>Akumplast SA este o companie privat\u0103 \u00eenfiin\u021bat\u0103 \u00een 1985, care produce prima cutie de baterii din polipropilen\u0103 din Bulgaria.<\/p>\n            <\/div>\n                                    <\/div>\n\n\t\t\t\t\t\t\n          <\/div>\n        <\/div>\n       \n\t                    \n        <div class=\"swiper-slide\">\n          <div class=\"bde-basicslider__slide\">\n              <div class=\"bde-basicslider__content\">\n                                    <div class=\"bde-basicslider__text\">\n              <p>\u00centreprinderea este specializat\u0103 \u00een produc\u021bia de l\u0103zi din polipropilen\u0103, cutii pentru baterii \u0219i ambalaje din plastic dur.<\/p>\n            <\/div>\n                                    <\/div>\n\n\t\t\t\t\t\t\n          <\/div>\n        <\/div>\n       \n\t                    \n        <div class=\"swiper-slide\">\n          <div class=\"bde-basicslider__slide\">\n              <div class=\"bde-basicslider__content\">\n                                    <div class=\"bde-basicslider__text\">\n              <p>La Acumplast SA s-a realizat un ciclu de produc\u021bie \u00eenchis - de la modelare 3D, scule (molaje pentru seringi), produsul final din plastic \u0219i reciclarea plasticului.<\/p>\n            <\/div>\n                                    <\/div>\n\n\t\t\t\t\t\t\n          <\/div>\n        <\/div>\n       \n      <\/div>\n    <\/div>\n        \n            <div class=\"swiper-pagination\"><\/div>\n    \n<\/div>\n\n<\/div><div class=\"bde-div-3033-206 bde-div\">\n  \n  \n\t\n\n\n\n<div class=\"bde-image-3033-182 bde-image\" data-entrance=\"fade\">\n<figure class=\"breakdance-image breakdance-image--884\">\n\t<div class=\"breakdance-image-container\">\n\t\t<div class=\"breakdance-image-clip\"><img loading=\"lazy\" decoding=\"async\" class=\"breakdance-image-object\" src=\"https:\/\/akumplast.com\/wp-content\/uploads\/2023\/12\/recycling-logo.webp\" width=\"452\" height=\"452\" srcset=\"https:\/\/akumplast.com\/wp-content\/uploads\/2023\/12\/recycling-logo.webp 452w, https:\/\/akumplast.com\/wp-content\/uploads\/2023\/12\/recycling-logo-300x300.webp 300w, https:\/\/akumplast.com\/wp-content\/uploads\/2023\/12\/recycling-logo-150x150.webp 150w\" sizes=\"auto, (max-width: 452px) 100vw, 452px\" alt=\"recycling\"><\/div>\n\t<\/div><\/figure>\n\n<\/div><div class=\"bde-image-3033-186 bde-image\" data-entrance=\"fade\">\n<figure class=\"breakdance-image breakdance-image--885\">\n\t<div class=\"breakdance-image-container\">\n\t\t<div class=\"breakdance-image-clip\"><img loading=\"lazy\" decoding=\"async\" class=\"breakdance-image-object\" src=\"https:\/\/akumplast.com\/wp-content\/uploads\/2023\/12\/recycling-arrows.webp\" width=\"353\" height=\"354\" srcset=\"https:\/\/akumplast.com\/wp-content\/uploads\/2023\/12\/recycling-arrows.webp 353w, https:\/\/akumplast.com\/wp-content\/uploads\/2023\/12\/recycling-arrows-300x300.webp 300w, https:\/\/akumplast.com\/wp-content\/uploads\/2023\/12\/recycling-arrows-150x150.webp 150w\" sizes=\"auto, (max-width: 353px) 100vw, 353px\"><\/div>\n\t<\/div><\/figure>\n\n<\/div><div class=\"bde-image-3033-184 bde-image\" data-entrance=\"slideLeft\">\n<figure class=\"breakdance-image breakdance-image--882\">\n\t<div class=\"breakdance-image-container\">\n\t\t<div class=\"breakdance-image-clip\"><img loading=\"lazy\" decoding=\"async\" class=\"breakdance-image-object\" src=\"https:\/\/akumplast.com\/wp-content\/uploads\/2023\/12\/recycling-case.webp\" width=\"323\" height=\"245\" srcset=\"https:\/\/akumplast.com\/wp-content\/uploads\/2023\/12\/recycling-case.webp 323w, https:\/\/akumplast.com\/wp-content\/uploads\/2023\/12\/recycling-case-300x228.webp 300w\" sizes=\"auto, (max-width: 323px) 100vw, 323px\"><\/div>\n\t<\/div><\/figure>\n\n<\/div><div class=\"bde-image-3033-185 bde-image\" data-entrance=\"slideUp\">\n<figure class=\"breakdance-image breakdance-image--883\">\n\t<div class=\"breakdance-image-container\">\n\t\t<div class=\"breakdance-image-clip\"><img loading=\"lazy\" decoding=\"async\" class=\"breakdance-image-object\" src=\"https:\/\/akumplast.com\/wp-content\/uploads\/2023\/12\/recycling-can.webp\" width=\"187\" height=\"220\" sizes=\"auto, (max-width: 187px) 100vw, 187px\"><\/div>\n\t<\/div><\/figure>\n\n<\/div><div class=\"bde-image-3033-183 bde-image\" data-entrance=\"slideRight\">\n<figure class=\"breakdance-image breakdance-image--881\">\n\t<div class=\"breakdance-image-container\">\n\t\t<div class=\"breakdance-image-clip\"><img loading=\"lazy\" decoding=\"async\" class=\"breakdance-image-object\" src=\"https:\/\/akumplast.com\/wp-content\/uploads\/2023\/12\/recycling-machine.webp\" width=\"387\" height=\"281\" srcset=\"https:\/\/akumplast.com\/wp-content\/uploads\/2023\/12\/recycling-machine.webp 387w, https:\/\/akumplast.com\/wp-content\/uploads\/2023\/12\/recycling-machine-300x218.webp 300w\" sizes=\"auto, (max-width: 387px) 100vw, 387px\"><\/div>\n\t<\/div><\/figure>\n\n<\/div>\n<\/div><div class=\"bde-grid-3033-141 bde-grid\">\n  \n  \n\t\n\n\n\n<div class=\"bde-div-3033-137 bde-div\">\n  \n  \n\t\n\n\n\n<div class=\"bde-text-3033-136 bde-text\">\n\u0410\u043a\u0443\u043c\u043f\u043b\u0430\u0441\u0442 \u0410\u0414 \u0435 \u0447\u0430\u0441\u0442\u043d\u043e \u0434\u0440\u0443\u0436\u0435\u0441\u0442\u0432\u043e \u0441\u044a\u0437\u0434\u0430\u0434\u0435\u043d\u043e \u043f\u0440\u0435\u0437 1985\u0433., \u043a\u043e\u0435\u0442\u043e \u043f\u0440\u043e\u0438\u0437\u0432\u0435\u0436\u0434\u0430 \u043f\u044a\u0440\u0432\u0430\u0442\u0430 \u0430\u043a\u0443\u043c\u0443\u043b\u0430\u0442\u043e\u0440\u043d\u0430 \u043a\u0443\u0442\u0438\u044f \u043e\u0442 \u043f\u043e\u043b\u0438\u043f\u0440\u043e\u043f\u0438\u043b\u0435\u043d \u0432 \u0411\u044a\u043b\u0433\u0430\u0440\u0438\u044f. <br><br>\u041f\u0440\u0435\u0434\u043f\u0440\u0438\u044f\u0442\u0438\u0435\u0442\u043e \u0435 \u0441\u043f\u0435\u0446\u0438\u0430\u043b\u0438\u0437\u0438\u0440\u0430\u043d\u043e \u0432 \u043f\u0440\u043e\u0438\u0437\u0432\u043e\u0434\u0441\u0442\u0432\u043e\u0442\u043e \u043d\u0430 \u043f\u043e\u043b\u0438\u043f\u0440\u043e\u043f\u0438\u043b\u0435\u043d\u043e\u0432\u0438 \u043a\u0430\u0441\u0438, \u0430\u043a\u0443\u043c\u0443\u043b\u0430\u0442\u043e\u0440\u043d\u0438 \u043a\u0443\u0442\u0438\u0438 \u0438 \u0442\u0432\u044a\u0440\u0434\u0438 \u043f\u043b\u0430\u0441\u0442\u043c\u0430\u0441\u043e\u0432\u0438 \u043e\u043f\u0430\u043a\u043e\u0432\u043a\u0438.\n<\/div>\n<\/div><div class=\"bde-div-3033-142 bde-div\">\n  \n  \n\t\n\n\n\n<div class=\"bde-text-3033-144 bde-text\">\n\u0412 \u0410\u043a\u0443\u043c\u043f\u043b\u0430\u0441\u0442 \u0410\u0414 \u0435 \u043f\u043e\u0441\u0442\u0438\u0433\u043d\u0430\u0442 \u0437\u0430\u0442\u0432\u043e\u0440\u0435\u043d \u043f\u0440\u043e\u0438\u0437\u0432\u043e\u0434\u0441\u0442\u0432\u0435\u043d \u0446\u0438\u043a\u044a\u043b - \u043e\u0442 3D \u043c\u043e\u0434\u0435\u043b\u0438\u0440\u0430\u043d\u0435\u0442\u043e, \u0438\u043d\u0441\u0442\u0440\u0443\u043c\u0435\u043d\u0442\u0430\u043b\u043d\u0430\u0442\u0430 \u0435\u043a\u0438\u043f\u0438\u0440\u043e\u0432\u043a\u0430 (\u0448\u043f\u0440\u0438\u0446 \u0444\u043e\u0440\u043c\u0438), \u043a\u0440\u0430\u0439\u043d\u0438\u044f\u0442 \u043f\u043b\u0430\u0441\u0442\u043c\u0430\u0441\u043e\u0432 \u043f\u0440\u043e\u0434\u0443\u043a\u0442 \u0438 \u0440\u0435\u0446\u0438\u043a\u043b\u0438\u0440\u0430\u043d\u0435\u0442\u043e \u043d\u0430 \u043f\u043b\u0430\u0441\u0442\u043c\u0430\u0441\u0430.\n<\/div>\n<\/div>\n<\/div>\n<\/div><\/div><a id=\"contact-form-show\" class=\"bde-container-link-3033-217 bde-container-link contact-form-show breakdance-link\" href=\"#\" target=\"_self\">\n  \n  \n\t\n\n\n\n<div class=\"bde-video-3033-218 bde-video\">\n<div class=\"ee-video-container\">\n            <video class=\"ee-video\" src=\"https:\/\/akumplast.com\/wp-content\/uploads\/2024\/05\/Sequence-01.webm\"\n               autoplay='true'                                                loop='true'                muted='true'                controlsList=\"nodownload\"                playsinline\n        >\n        <\/video>\n    \n    <\/div>\n\n<\/div><div class=\"bde-text-3033-219 bde-text\">\nAnchet\u0103<br>pentru oferta\n<\/div>\n\n<\/a><\/div>\n<\/section><section class=\"bde-section-3033-214 bde-section\">\n  \n  \n\t\n\n\n\n<div class=\"section-container\"><div id=\"contact-form\" class=\"bde-globalblock-3033-216 bde-globalblock contact-form\">\n<section class=\"bde-section-583-104-583-1 bde-section bde-section-583-104\">\n  \n  \n\t\n\n\n\n<div class=\"section-container\"><div class=\"bde-div-583-101-583-1 bde-div bde-div-583-101\">\n              \n  \n  \n\t\n\n  <div class=\"section-background-overlay\"><\/div>\n\n\n<h3 class=\"bde-heading-583-102-583-1 bde-heading bde-heading-583-102\">\n\u0417\u0410\u041f\u0418\u0422\u0412\u0410\u041d\u0415 \u0417\u0410 \u041e\u0424\u0415\u0420\u0422\u0410\n<\/h3><div class=\"bde-shortcode-583-103-583-1 bde-shortcode bde-shortcode-583-103\">\n\n<div class=\"wpcf7 no-js\" id=\"wpcf7-f3186-o1\" lang=\"ro-RO\" dir=\"ltr\" data-wpcf7-id=\"3186\">\n<div class=\"screen-reader-response\"><p role=\"status\" aria-live=\"polite\" aria-atomic=\"true\"><\/p> <ul><\/ul><\/div>\n<form action=\"\/ro\/wp-json\/wp\/v2\/pages\/3033#wpcf7-f3186-o1\" method=\"post\" class=\"wpcf7-form init\" aria-label=\"Formular de contact\" novalidate=\"novalidate\" data-status=\"init\">\n<div style=\"display: none;\">\n<input type=\"hidden\" name=\"_wpcf7\" value=\"3186\" \/>\n<input type=\"hidden\" name=\"_wpcf7_version\" value=\"6.0.3\" \/>\n<input type=\"hidden\" name=\"_wpcf7_locale\" value=\"ro_RO\" \/>\n<input type=\"hidden\" name=\"_wpcf7_unit_tag\" value=\"wpcf7-f3186-o1\" \/>\n<input type=\"hidden\" name=\"_wpcf7_container_post\" value=\"0\" \/>\n<input type=\"hidden\" name=\"_wpcf7_posted_data_hash\" value=\"\" \/>\n<input type=\"hidden\" name=\"_wpcf7dtx_version\" value=\"5.0.2\" \/>\n<input type=\"hidden\" name=\"_wpcf7_recaptcha_response\" value=\"\" \/>\n<\/div>\n<div class=\"fields\">\n\t<div>\n\t\t<p><label> <span class=\"label\">Nume<\/span><br \/>\n<span class=\"wpcf7-form-control-wrap\" data-name=\"your-name\"><input size=\"40\" maxlength=\"400\" class=\"wpcf7-form-control wpcf7-text wpcf7-validates-as-required\" autocomplete=\"name\" aria-required=\"true\" aria-invalid=\"false\" value=\"\" type=\"text\" name=\"your-name\" \/><\/span> <\/label>\n\t\t<\/p>\n\t\t<p><label> <span class=\"label\">\u0415-mail<\/span><br \/>\n<span class=\"wpcf7-form-control-wrap\" data-name=\"your-email\"><input size=\"40\" maxlength=\"400\" class=\"wpcf7-form-control wpcf7-email wpcf7-validates-as-required wpcf7-text wpcf7-validates-as-email\" autocomplete=\"email\" aria-required=\"true\" aria-invalid=\"false\" value=\"\" type=\"email\" name=\"your-email\" \/><\/span> <\/label>\n\t\t<\/p>\n\t\t<p><label> <span class=\"label\">Telefon<\/span><br \/>\n<span class=\"wpcf7-form-control-wrap\" data-name=\"your-phone\"><input size=\"40\" maxlength=\"400\" class=\"wpcf7-form-control wpcf7-tel wpcf7-text wpcf7-validates-as-tel\" aria-invalid=\"false\" value=\"\" type=\"tel\" name=\"your-phone\" \/><\/span> <\/label>\n\t\t<\/p>\n\t\t<p><label> <span class=\"label\">Companie<\/span><br \/>\n<span class=\"wpcf7-form-control-wrap\" data-name=\"your-org\"><input size=\"40\" maxlength=\"400\" class=\"wpcf7-form-control wpcf7-text\" aria-invalid=\"false\" value=\"\" type=\"text\" name=\"your-org\" \/><\/span> <\/label>\n\t\t<\/p>\n\t<\/div>\n\t<div>\n\t\t<p><label> <span class=\"label\">Mesaj<\/span><br \/>\n<span class=\"wpcf7-form-control-wrap\" data-name=\"your-message\"><textarea cols=\"40\" rows=\"10\" maxlength=\"2000\" class=\"wpcf7-form-control wpcf7-textarea\" aria-invalid=\"false\" name=\"your-message\"><\/textarea><\/span> <\/label>\n\t\t<\/p>\n\t\t<p style=\"display: none;\"><br \/>\n\t\t<span class=\"wpcf7-form-control-wrap CF7_URL\" data-name=\"CF7_URL\"><input type=\"hidden\" name=\"CF7_URL\" class=\"wpcf7-form-control wpcf7-hidden wpcf7dtx wpcf7dtx-hidden\" aria-invalid=\"false\" value=\"https:\/\/akumplast.com\/ro\/wp-json\/wp\/v2\/pages\/3033\"><\/span><br \/>\n\t\t<span class=\"wpcf7-form-control-wrap subject_line\" data-name=\"subject_line\"><input type=\"hidden\" name=\"subject_line\" class=\"wpcf7-form-control wpcf7-hidden wpcf7dtx wpcf7dtx-hidden\" aria-invalid=\"false\" value=\"Principala\"><\/span>\n\t\t<\/p>\n\t\t<p><input class=\"wpcf7-form-control wpcf7-submit has-spinner\" type=\"submit\" value=\"Trimite\" \/>\n\t\t<\/p>\n\t<\/div>\n<\/div><div class=\"wpcf7-response-output\" aria-hidden=\"true\"><\/div>\n<\/form>\n<\/div>\n\n<\/div><div id=\"contact-form-close\" class=\"bde-button-583-105-583-1 bde-button contact-form-close bde-button-583-105\">\n    \n                                    \n    \n    \n    \n    \n            \n                    \n            \n            \n\n    \n    \n    \n    \n    \n    <a class=\"breakdance-link button-atom button-atom--custom bde-button__button\" href=\"#\" target=\"_self\" data-type=\"url\"  >\n\n    \n        <span class=\"button-atom__text\"> <\/span>\n\n                            \n        \n                <\/a>\n\n    \n\n\n<\/div>\n<\/div><\/div>\n<\/section>\n<\/div><\/div>\n<\/section>","protected":false},"excerpt":{"rendered":"<p>Principala Pentru noi Productie Reciclare Rela\u021bii Contacte ANCHET\u0102PENTRU OFERTA Akumplast SA este o companie privat\u0103 \u00eenfiin\u021bat\u0103 \u00een 1985, care produce prima cutie de baterii din polipropilen\u0103 din Bulgaria. \u00centreprinderea este specializat\u0103 \u00een produc\u021bia de l\u0103zi din polipropilen\u0103, cutii pentru baterii \u0219i ambalaje din plastic dur. La Acumplast SA s-a realizat un ciclu de produc\u021bie \u00eenchis [&hellip;]<\/p>\n","protected":false},"author":1,"featured_media":0,"parent":0,"menu_order":0,"comment_status":"closed","ping_status":"closed","template":"","meta":{"_acf_changed":false,"_breakdance_hide_in_design_set":false,"_breakdance_tags":"","footnotes":""},"class_list":["post-3033","page","type-page","status-publish","hentry"],"acf":[],"yoast_head":"<!-- This site is optimized with the Yoast SEO plugin v24.3 - https:\/\/yoast.com\/wordpress\/plugins\/seo\/ -->\n<title>Principala - Akumplast website<\/title>\n<meta name=\"robots\" content=\"index, follow, max-snippet:-1, max-image-preview:large, max-video-preview:-1\" \/>\n<link rel=\"canonical\" href=\"https:\/\/akumplast.com\/ro\/\" \/>\n<meta property=\"og:locale\" content=\"ro_RO\" \/>\n<meta property=\"og:type\" content=\"article\" \/>\n<meta property=\"og:title\" content=\"Principala - Akumplast website\" \/>\n<meta property=\"og:description\" content=\"Principala Pentru noi Productie Reciclare Rela\u021bii Contacte ANCHET\u0102PENTRU OFERTA Akumplast SA este o companie privat\u0103 \u00eenfiin\u021bat\u0103 \u00een 1985, care produce prima cutie de baterii din polipropilen\u0103 din Bulgaria. \u00centreprinderea este specializat\u0103 \u00een produc\u021bia de l\u0103zi din polipropilen\u0103, cutii pentru baterii \u0219i ambalaje din plastic dur. La Acumplast SA s-a realizat un ciclu de produc\u021bie \u00eenchis [&hellip;]\" \/>\n<meta property=\"og:url\" content=\"https:\/\/akumplast.com\/ro\/\" \/>\n<meta property=\"og:site_name\" content=\"Akumplast website\" \/>\n<meta property=\"article:modified_time\" content=\"2024-06-17T14:21:23+00:00\" \/>\n<meta name=\"twitter:card\" content=\"summary_large_image\" \/>\n<script type=\"application\/ld+json\" class=\"yoast-schema-graph\">{\"@context\":\"https:\/\/schema.org\",\"@graph\":[{\"@type\":\"WebPage\",\"@id\":\"https:\/\/akumplast.com\/ro\/\",\"url\":\"https:\/\/akumplast.com\/ro\/\",\"name\":\"Principala - Akumplast website\",\"isPartOf\":{\"@id\":\"https:\/\/akumplast.com\/#website\"},\"datePublished\":\"2023-10-14T12:13:01+00:00\",\"dateModified\":\"2024-06-17T14:21:23+00:00\",\"breadcrumb\":{\"@id\":\"https:\/\/akumplast.com\/ro\/#breadcrumb\"},\"inLanguage\":\"ro-RO\",\"potentialAction\":[{\"@type\":\"ReadAction\",\"target\":[\"https:\/\/akumplast.com\/ro\/\"]}]},{\"@type\":\"BreadcrumbList\",\"@id\":\"https:\/\/akumplast.com\/ro\/#breadcrumb\",\"itemListElement\":[{\"@type\":\"ListItem\",\"position\":1,\"name\":\"\u041d\u0430\u0447\u0430\u043b\u043e\",\"item\":\"https:\/\/akumplast.com\/ro\/\"},{\"@type\":\"ListItem\",\"position\":2,\"name\":\"Principala\"}]},{\"@type\":\"WebSite\",\"@id\":\"https:\/\/akumplast.com\/#website\",\"url\":\"https:\/\/akumplast.com\/\",\"name\":\"Akumplast\",\"description\":\"\",\"publisher\":{\"@id\":\"https:\/\/akumplast.com\/#organization\"},\"potentialAction\":[{\"@type\":\"SearchAction\",\"target\":{\"@type\":\"EntryPoint\",\"urlTemplate\":\"https:\/\/akumplast.com\/?s={search_term_string}\"},\"query-input\":{\"@type\":\"PropertyValueSpecification\",\"valueRequired\":true,\"valueName\":\"search_term_string\"}}],\"inLanguage\":\"ro-RO\"},{\"@type\":\"Organization\",\"@id\":\"https:\/\/akumplast.com\/#organization\",\"name\":\"Akumplast Jsc\",\"url\":\"https:\/\/akumplast.com\/\",\"logo\":{\"@type\":\"ImageObject\",\"inLanguage\":\"ro-RO\",\"@id\":\"https:\/\/akumplast.com\/#\/schema\/logo\/image\/\",\"url\":\"https:\/\/akumplast.com\/wp-content\/uploads\/2023\/10\/cropped-Logo.png\",\"contentUrl\":\"https:\/\/akumplast.com\/wp-content\/uploads\/2023\/10\/cropped-Logo.png\",\"width\":512,\"height\":512,\"caption\":\"Akumplast Jsc\"},\"image\":{\"@id\":\"https:\/\/akumplast.com\/#\/schema\/logo\/image\/\"}}]}<\/script>\n<!-- \/ Yoast SEO plugin. -->","yoast_head_json":{"title":"Principala - Akumplast website","robots":{"index":"index","follow":"follow","max-snippet":"max-snippet:-1","max-image-preview":"max-image-preview:large","max-video-preview":"max-video-preview:-1"},"canonical":"https:\/\/akumplast.com\/ro\/","og_locale":"ro_RO","og_type":"article","og_title":"Principala - Akumplast website","og_description":"Principala Pentru noi Productie Reciclare Rela\u021bii Contacte ANCHET\u0102PENTRU OFERTA Akumplast SA este o companie privat\u0103 \u00eenfiin\u021bat\u0103 \u00een 1985, care produce prima cutie de baterii din polipropilen\u0103 din Bulgaria. \u00centreprinderea este specializat\u0103 \u00een produc\u021bia de l\u0103zi din polipropilen\u0103, cutii pentru baterii \u0219i ambalaje din plastic dur. La Acumplast SA s-a realizat un ciclu de produc\u021bie \u00eenchis [&hellip;]","og_url":"https:\/\/akumplast.com\/ro\/","og_site_name":"Akumplast website","article_modified_time":"2024-06-17T14:21:23+00:00","twitter_card":"summary_large_image","schema":{"@context":"https:\/\/schema.org","@graph":[{"@type":"WebPage","@id":"https:\/\/akumplast.com\/ro\/","url":"https:\/\/akumplast.com\/ro\/","name":"Principala - Akumplast website","isPartOf":{"@id":"https:\/\/akumplast.com\/#website"},"datePublished":"2023-10-14T12:13:01+00:00","dateModified":"2024-06-17T14:21:23+00:00","breadcrumb":{"@id":"https:\/\/akumplast.com\/ro\/#breadcrumb"},"inLanguage":"ro-RO","potentialAction":[{"@type":"ReadAction","target":["https:\/\/akumplast.com\/ro\/"]}]},{"@type":"BreadcrumbList","@id":"https:\/\/akumplast.com\/ro\/#breadcrumb","itemListElement":[{"@type":"ListItem","position":1,"name":"\u041d\u0430\u0447\u0430\u043b\u043e","item":"https:\/\/akumplast.com\/ro\/"},{"@type":"ListItem","position":2,"name":"Principala"}]},{"@type":"WebSite","@id":"https:\/\/akumplast.com\/#website","url":"https:\/\/akumplast.com\/","name":"Akumplast","description":"","publisher":{"@id":"https:\/\/akumplast.com\/#organization"},"potentialAction":[{"@type":"SearchAction","target":{"@type":"EntryPoint","urlTemplate":"https:\/\/akumplast.com\/?s={search_term_string}"},"query-input":{"@type":"PropertyValueSpecification","valueRequired":true,"valueName":"search_term_string"}}],"inLanguage":"ro-RO"},{"@type":"Organization","@id":"https:\/\/akumplast.com\/#organization","name":"Akumplast Jsc","url":"https:\/\/akumplast.com\/","logo":{"@type":"ImageObject","inLanguage":"ro-RO","@id":"https:\/\/akumplast.com\/#\/schema\/logo\/image\/","url":"https:\/\/akumplast.com\/wp-content\/uploads\/2023\/10\/cropped-Logo.png","contentUrl":"https:\/\/akumplast.com\/wp-content\/uploads\/2023\/10\/cropped-Logo.png","width":512,"height":512,"caption":"Akumplast Jsc"},"image":{"@id":"https:\/\/akumplast.com\/#\/schema\/logo\/image\/"}}]}},"_links":{"self":[{"href":"https:\/\/akumplast.com\/ro\/wp-json\/wp\/v2\/pages\/3033","targetHints":{"allow":["GET"]}}],"collection":[{"href":"https:\/\/akumplast.com\/ro\/wp-json\/wp\/v2\/pages"}],"about":[{"href":"https:\/\/akumplast.com\/ro\/wp-json\/wp\/v2\/types\/page"}],"author":[{"embeddable":true,"href":"https:\/\/akumplast.com\/ro\/wp-json\/wp\/v2\/users\/1"}],"replies":[{"embeddable":true,"href":"https:\/\/akumplast.com\/ro\/wp-json\/wp\/v2\/comments?post=3033"}],"version-history":[{"count":0,"href":"https:\/\/akumplast.com\/ro\/wp-json\/wp\/v2\/pages\/3033\/revisions"}],"wp:attachment":[{"href":"https:\/\/akumplast.com\/ro\/wp-json\/wp\/v2\/media?parent=3033"}],"curies":[{"name":"wp","href":"https:\/\/api.w.org\/{rel}","templated":true}]}}